{"id":56764,"date":"2026-03-03T11:24:33","date_gmt":"2026-03-03T10:24:33","guid":{"rendered":"https:\/\/www.good-id.ch\/?post_type=product&#038;p=56764"},"modified":"2026-03-08T11:49:36","modified_gmt":"2026-03-08T10:49:36","slug":"tamburin-harlekin-holz","status":"publish","type":"product","link":"https:\/\/www.good-id.ch\/en\/product\/tamburin-harlekin-holz\/","title":{"rendered":"Tamburin &#8211; Harlekin &#8211; holz"},"content":{"rendered":"<p>Tamburin &#8211; Harlekin &#8211; holz<\/p>\n<p data-start=\"87\" data-end=\"323\">Ermutige dein Kind, Rhythmus und Musik mit dem MAMAMEMO\u00ae Tamburin zu entdecken. Dieses wundersch\u00f6ne Tamburin aus Holz ist ein fantastisches Instrument, um das Rhythmusgef\u00fchl und die Koordinationsf\u00e4higkeiten deines Kindes zu f\u00f6rdern.<\/p>\n<p data-start=\"325\" data-end=\"687\">Das Tamburin unterst\u00fctzt die Kreativit\u00e4t und hilft deinem Kind, den Takt zu halten und eigene musikalische Kompositionen zu entwickeln. Es ist das perfekte Instrument, um dein Kind in die magische Welt der Musik einzuf\u00fchren und seine Kreativit\u00e4t anzuregen. Das Harlekinmuster und die sch\u00f6nen nordischen Farben machen das Tamburin zudem zu einem echten Blickfang.<\/p>\n<p data-start=\"689\" data-end=\"835\">Als Teil der umfangreichen neuen Musikserie von MAMAMEMO\u00ae wurde das Tamburin entwickelt, um Kinder jeden Alters zu inspirieren und zu unterhalten.<\/p>\n<p>Aus FSC Holz und kinderfreundlich.<\/p>\n<p>Altersempfehlung: ab 2 Jahren<\/p>\n<p>Das Spielzeug ist aus hochwertigem Holz und die Farben sind frei von Giftstoffen.<\/p>\n<p>MAMAMEMO\u00ae Spielzeuge entsprechen den europ\u00e4ischen Sicherheitsbestimmungen f\u00fcr Spielzeuge und tragen das CE-Zeichen.<\/p>\n<p>ASTRUP Group unterst\u00fctzt j\u00e4hrlich die Kinder-Krebs-Forschung.<\/p>\n","protected":false},"excerpt":{"rendered":"<p>Tamburin &#8211; Harlekin &#8211; holz<\/p>\n<p data-start=\"87\" data-end=\"323\">Ermutige dein Kind, Rhythmus und Musik mit dem MAMAMEMO\u00ae Tamburin zu entdecken. Dieses wundersch\u00f6ne Tamburin aus Holz ist ein fantastisches Instrument, um das Rhythmusgef\u00fchl und die Koordinationsf\u00e4higkeiten deines Kindes zu f\u00f6rdern.<\/p>\n<p data-start=\"325\" data-end=\"687\">Das Tamburin unterst\u00fctzt die Kreativit\u00e4t und hilft deinem Kind, den Takt zu halten und eigene musikalische Kompositionen zu entwickeln. Es ist das perfekte Instrument, um dein Kind in die magische Welt der Musik einzuf\u00fchren und seine Kreativit\u00e4t anzuregen. Das Harlekinmuster und die sch\u00f6nen nordischen Farben machen das Tamburin zudem zu einem echten Blickfang.<\/p>\n<p data-start=\"689\" data-end=\"835\">Als Teil der umfangreichen neuen Musikserie von MAMAMEMO\u00ae wurde das Tamburin entwickelt, um Kinder jeden Alters zu inspirieren und zu unterhalten.<\/p>\n<p>Aus FSC Holz und kinderfreundlich.<\/p>\n<p>Altersempfehlung: ab 2 Jahren<\/p>\n<p>Das Spielzeug ist aus hochwertigem Holz und die Farben sind frei von Giftstoffen.<\/p>\n<p>MAMAMEMO\u00ae Spielzeuge entsprechen den europ\u00e4ischen Sicherheitsbestimmungen f\u00fcr Spielzeuge und tragen das CE-Zeichen.<\/p>\n<p>ASTRUP Group unterst\u00fctzt j\u00e4hrlich die Kinder-Krebs-Forschung.<\/p>\n","protected":false},"featured_media":56766,"template":"","meta":[],"pwb-brand":[1551],"product_brand":[],"product_cat":[1618],"product_tag":[1768],"class_list":{"0":"post-56764","1":"product","2":"type-product","3":"status-publish","4":"has-post-thumbnail","6":"pwb-brand-mamamemo-de","7":"product_cat-holzspielzeug","8":"product_tag-wood","10":"first","11":"onbackorder","12":"taxable","13":"shipping-taxable","14":"purchasable","15":"product-type-simple"},"brands":[{"id":1551,"name":"MAMAMEMO\u00ae","slug":"mamamemo-de"}],"_links":{"self":[{"href":"https:\/\/www.good-id.ch\/en\/wp-json\/wp\/v2\/product\/56764","targetHints":{"allow":["GET"]}}],"collection":[{"href":"https:\/\/www.good-id.ch\/en\/wp-json\/wp\/v2\/product"}],"about":[{"href":"https:\/\/www.good-id.ch\/en\/wp-json\/wp\/v2\/types\/product"}],"wp:featuredmedia":[{"embeddable":true,"href":"https:\/\/www.good-id.ch\/en\/wp-json\/wp\/v2\/media\/56766"}],"wp:attachment":[{"href":"https:\/\/www.good-id.ch\/en\/wp-json\/wp\/v2\/media?parent=56764"}],"wp:term":[{"taxonomy":"pwb-brand","embeddable":true,"href":"https:\/\/www.good-id.ch\/en\/wp-json\/wp\/v2\/pwb-brand?post=56764"},{"taxonomy":"product_brand","embeddable":true,"href":"https:\/\/www.good-id.ch\/en\/wp-json\/wp\/v2\/product_brand?post=56764"},{"taxonomy":"product_cat","embeddable":true,"href":"https:\/\/www.good-id.ch\/en\/wp-json\/wp\/v2\/product_cat?post=56764"},{"taxonomy":"product_tag","embeddable":true,"href":"https:\/\/www.good-id.ch\/en\/wp-json\/wp\/v2\/product_tag?post=56764"}],"curies":[{"name":"wp","href":"https:\/\/api.w.org\/{rel}","templated":true}]}}