{"id":56763,"date":"2026-03-03T11:20:13","date_gmt":"2026-03-03T10:20:13","guid":{"rendered":"https:\/\/www.good-id.ch\/?post_type=product&#038;p=56763"},"modified":"2026-03-08T11:49:47","modified_gmt":"2026-03-08T10:49:47","slug":"trommel-harlekin-holz","status":"publish","type":"product","link":"https:\/\/www.good-id.ch\/en\/product\/trommel-harlekin-holz\/","title":{"rendered":"Trommel &#8211; Harlekin &#8211; holz"},"content":{"rendered":"<p>Trommel &#8211; Harlekin &#8211; holz<\/p>\n<p data-start=\"125\" data-end=\"366\">Lass dein Kind mit der MAMAMEMO\u00ae Trommel die Welt der Musik entdecken. Diese lustige und interaktive Trommel ist das perfekte Instrument, um deinem Kind ein Gef\u00fchl f\u00fcr Rhythmus zu vermitteln und seine Koordinationsf\u00e4higkeiten zu f\u00f6rdern.<\/p>\n<p data-start=\"368\" data-end=\"611\">Die Trommel regt die Kreativit\u00e4t an und gibt deinem Kind die M\u00f6glichkeit, eigene Beats zu erfinden. Mit den mitgelieferten Trommelst\u00f6cken kann dein Kind musikalische Entdeckungsreisen unternehmen und verschiedene Rhythmen und Melodien spielen.<\/p>\n<p data-start=\"613\" data-end=\"779\">Dein Kind kann entweder vor der Trommel sitzen und spielen oder sie \u00fcber der Schulter tragen und beim Gehen trommeln \u2013 das sorgt f\u00fcr noch mehr Bewegung und Spielspass.<\/p>\n<p data-start=\"781\" data-end=\"1054\">Die sch\u00f6nen nordischen Farben und das charmante Harlekinmuster machen die Trommel zu einem echten Erlebnis f\u00fcr Augen und Ohren. Als Teil der umfangreichen neuen Musikserie von MAMAMEMO\u00ae wurde die Trommel entwickelt, um Kinder jeden Alters zu inspirieren und zu unterhalten.<\/p>\n<p>Aus FSC Holz und kinderfreundlich.<\/p>\n<p>Altersempfehlung: ab 3 Jahren<\/p>\n<p>Das Spielzeug ist aus hochwertigem Holz und die Farben sind frei von Giftstoffen.<\/p>\n<p>MAMAMEMO\u00ae Spielzeuge entsprechen den europ\u00e4ischen Sicherheitsbestimmungen f\u00fcr Spielzeuge und tragen das CE-Zeichen.<\/p>\n<p>ASTRUP Group unterst\u00fctzt j\u00e4hrlich die Kinder-Krebs-Forschung.<\/p>\n","protected":false},"excerpt":{"rendered":"<p>Trommel &#8211; Harlekin &#8211; holz<\/p>\n<p data-start=\"125\" data-end=\"366\">Lass dein Kind mit der MAMAMEMO\u00ae Trommel die Welt der Musik entdecken. Diese lustige und interaktive Trommel ist das perfekte Instrument, um deinem Kind ein Gef\u00fchl f\u00fcr Rhythmus zu vermitteln und seine Koordinationsf\u00e4higkeiten zu f\u00f6rdern.<\/p>\n<p data-start=\"368\" data-end=\"611\">Die Trommel regt die Kreativit\u00e4t an und gibt deinem Kind die M\u00f6glichkeit, eigene Beats zu erfinden. Mit den mitgelieferten Trommelst\u00f6cken kann dein Kind musikalische Entdeckungsreisen unternehmen und verschiedene Rhythmen und Melodien spielen.<\/p>\n<p data-start=\"613\" data-end=\"779\">Dein Kind kann entweder vor der Trommel sitzen und spielen oder sie \u00fcber der Schulter tragen und beim Gehen trommeln \u2013 das sorgt f\u00fcr noch mehr Bewegung und Spielspass.<\/p>\n<p data-start=\"781\" data-end=\"1054\">Die sch\u00f6nen nordischen Farben und das charmante Harlekinmuster machen die Trommel zu einem echten Erlebnis f\u00fcr Augen und Ohren. Als Teil der umfangreichen neuen Musikserie von MAMAMEMO\u00ae wurde die Trommel entwickelt, um Kinder jeden Alters zu inspirieren und zu unterhalten.<\/p>\n<p>Aus FSC Holz und kinderfreundlich.<\/p>\n<p>Altersempfehlung: ab 3 Jahren<\/p>\n<p>Das Spielzeug ist aus hochwertigem Holz und die Farben sind frei von Giftstoffen.<\/p>\n<p>MAMAMEMO\u00ae Spielzeuge entsprechen den europ\u00e4ischen Sicherheitsbestimmungen f\u00fcr Spielzeuge und tragen das CE-Zeichen.<\/p>\n<p>ASTRUP Group unterst\u00fctzt j\u00e4hrlich die Kinder-Krebs-Forschung.<\/p>\n","protected":false},"featured_media":56765,"template":"","meta":[],"pwb-brand":[1551],"product_brand":[],"product_cat":[1618],"product_tag":[1768],"class_list":{"0":"post-56763","1":"product","2":"type-product","3":"status-publish","4":"has-post-thumbnail","6":"pwb-brand-mamamemo-de","7":"product_cat-holzspielzeug","8":"product_tag-wood","10":"first","11":"onbackorder","12":"taxable","13":"shipping-taxable","14":"purchasable","15":"product-type-simple"},"brands":[{"id":1551,"name":"MAMAMEMO\u00ae","slug":"mamamemo-de"}],"_links":{"self":[{"href":"https:\/\/www.good-id.ch\/en\/wp-json\/wp\/v2\/product\/56763","targetHints":{"allow":["GET"]}}],"collection":[{"href":"https:\/\/www.good-id.ch\/en\/wp-json\/wp\/v2\/product"}],"about":[{"href":"https:\/\/www.good-id.ch\/en\/wp-json\/wp\/v2\/types\/product"}],"wp:featuredmedia":[{"embeddable":true,"href":"https:\/\/www.good-id.ch\/en\/wp-json\/wp\/v2\/media\/56765"}],"wp:attachment":[{"href":"https:\/\/www.good-id.ch\/en\/wp-json\/wp\/v2\/media?parent=56763"}],"wp:term":[{"taxonomy":"pwb-brand","embeddable":true,"href":"https:\/\/www.good-id.ch\/en\/wp-json\/wp\/v2\/pwb-brand?post=56763"},{"taxonomy":"product_brand","embeddable":true,"href":"https:\/\/www.good-id.ch\/en\/wp-json\/wp\/v2\/product_brand?post=56763"},{"taxonomy":"product_cat","embeddable":true,"href":"https:\/\/www.good-id.ch\/en\/wp-json\/wp\/v2\/product_cat?post=56763"},{"taxonomy":"product_tag","embeddable":true,"href":"https:\/\/www.good-id.ch\/en\/wp-json\/wp\/v2\/product_tag?post=56763"}],"curies":[{"name":"wp","href":"https:\/\/api.w.org\/{rel}","templated":true}]}}