{"id":56698,"date":"2026-02-20T15:20:41","date_gmt":"2026-02-20T14:20:41","guid":{"rendered":"https:\/\/www.good-id.ch\/?post_type=product&#038;p=56698"},"modified":"2026-03-10T11:18:51","modified_gmt":"2026-03-10T10:18:51","slug":"playfood-ruehrloeffel-holz","status":"publish","type":"product","link":"https:\/\/www.good-id.ch\/en\/product\/playfood-ruehrloeffel-holz\/","title":{"rendered":"R\u00fchrl\u00f6ffel &#8211; holz"},"content":{"rendered":"<p>Playfood- R\u00fchrl\u00f6ffel &#8211; holz<\/p>\n<p>Serie MAMAMEMO\u00ae &#8211; Playfood<\/p>\n<p>Ein Pfannenwender zum Wenden von Pfannkuchen, eine Bratgabel f\u00fcr Fleischkl\u00f6sschen, ein Nudell\u00f6ffel zum Auffangen leckerer Nudeln, ein Schwingbesen zum R\u00fchren des Milchreis\u2026 Wir k\u00f6nnten weitermachen.<\/p>\n<p>Das K\u00fcchenger\u00e4te-Sortiment von MAMAMEMO\u00ae bietet Ihnen alles, was Sie brauchen. Welche brauchen Sie in Ihrer K\u00fcche?<\/p>\n<p>Abmessungen: 16 cm<br \/>\nMaterial: Buchenholz<\/p>\n<p>Altersempfehlung: ab 3 Jahren<\/p>\n<p>Das Spielzeug ist aus hochwertigem Holz und die Farben sind frei von Giftstoffen.<\/p>\n<p>MAMAMEMO\u00ae Spielzeuge entsprechen den europ\u00e4ischen Sicherheitsbestimmungen f\u00fcr Spielzeuge und tragen das CE-Zeichen.<\/p>\n","protected":false},"excerpt":{"rendered":"<p>Playfood- R\u00fchrl\u00f6ffel &#8211; holz<\/p>\n<p>Serie MAMAMEMO\u00ae &#8211; Playfood<\/p>\n<p>Ein Pfannenwender zum Wenden von Pfannkuchen, eine Bratgabel f\u00fcr Fleischkl\u00f6sschen, ein Nudell\u00f6ffel zum Auffangen leckerer Nudeln, ein Schwingbesen zum R\u00fchren des Milchreis.<br \/>\nWir k\u00f6nnten weitermachen.<\/p>\n<p>Das K\u00fcchenger\u00e4te-Sortiment von MAMAMEMO\u00ae bietet Ihnen alles, was Sie brauchen. Welche brauchen Sie in Ihrer K\u00fcche?<\/p>\n<p>Abmessungen: 16 cm<br \/>\nMaterial: Buchenholz<\/p>\n<p>Altersempfehlung: ab 3 Jahren<\/p>\n","protected":false},"featured_media":56815,"template":"","meta":[],"pwb-brand":[1551],"product_brand":[],"product_cat":[1618],"product_tag":[1468],"class_list":{"0":"post-56698","1":"product","2":"type-product","3":"status-publish","4":"has-post-thumbnail","6":"pwb-brand-mamamemo-de","7":"product_cat-holzspielzeug","8":"product_tag-holz","10":"first","11":"outofstock","12":"taxable","13":"shipping-taxable","14":"purchasable","15":"product-type-simple"},"brands":[{"id":1551,"name":"MAMAMEMO\u00ae","slug":"mamamemo-de"}],"_links":{"self":[{"href":"https:\/\/www.good-id.ch\/en\/wp-json\/wp\/v2\/product\/56698","targetHints":{"allow":["GET"]}}],"collection":[{"href":"https:\/\/www.good-id.ch\/en\/wp-json\/wp\/v2\/product"}],"about":[{"href":"https:\/\/www.good-id.ch\/en\/wp-json\/wp\/v2\/types\/product"}],"wp:featuredmedia":[{"embeddable":true,"href":"https:\/\/www.good-id.ch\/en\/wp-json\/wp\/v2\/media\/56815"}],"wp:attachment":[{"href":"https:\/\/www.good-id.ch\/en\/wp-json\/wp\/v2\/media?parent=56698"}],"wp:term":[{"taxonomy":"pwb-brand","embeddable":true,"href":"https:\/\/www.good-id.ch\/en\/wp-json\/wp\/v2\/pwb-brand?post=56698"},{"taxonomy":"product_brand","embeddable":true,"href":"https:\/\/www.good-id.ch\/en\/wp-json\/wp\/v2\/product_brand?post=56698"},{"taxonomy":"product_cat","embeddable":true,"href":"https:\/\/www.good-id.ch\/en\/wp-json\/wp\/v2\/product_cat?post=56698"},{"taxonomy":"product_tag","embeddable":true,"href":"https:\/\/www.good-id.ch\/en\/wp-json\/wp\/v2\/product_tag?post=56698"}],"curies":[{"name":"wp","href":"https:\/\/api.w.org\/{rel}","templated":true}]}}