{"id":55462,"date":"2025-09-23T10:37:18","date_gmt":"2025-09-23T08:37:18","guid":{"rendered":"https:\/\/www.good-id.ch\/?post_type=product&#038;p=55462"},"modified":"2026-04-21T10:53:51","modified_gmt":"2026-04-21T08:53:51","slug":"uv-langarmshirt-navy-blue-upf50-2-3-jahre","status":"publish","type":"product","link":"https:\/\/www.good-id.ch\/en\/product\/uv-langarmshirt-navy-blue-upf50-2-3-jahre\/","title":{"rendered":"UV Langarmshirt Navy Blue &#8211; UPF50+ &#8211; 2-3 Jahre"},"content":{"rendered":"<p>UV Langarmshirt Navy Blue &#8211; UPF50+ &#8211; 2-3 Jahre<\/p>\n<p><strong>UV-Schutz f\u00fcr die Kleinsten \u2013 Langarmshirts und Joggerhosen mit Stil!<\/strong><\/p>\n<p>Die Cloby UV-sch\u00fctzenden Langarmshirts und Joggerhosen bestehen aus der beliebten Mischung aus Bio-Baumwolle und Bambus, die besonders sanft zur empfindlichen Haut deines Kindes ist. Mit einem nat\u00fcrlichen UPF 50+ Sonnenschutz bieten sie eine superweiche und bequeme Alternative zur herk\u00f6mmlichen UV-Badekleidung, die oft aus dickeren Materialien besteht und besser f\u00fcr Wasseraktivit\u00e4ten geeignet ist.<\/p>\n<p><strong>Nat\u00fcrliche und nachhaltige Materialen:<\/strong><\/p>\n<p>Die Langarmshirts bestehen aus einer speziellen Mischung aus Bambus, Bio-Baumwolle und Elasthan. Der Stoff hat folgende Eigenschaften:<\/p>\n<ul>\n<li>UV-Schutz (UPF 50+)<\/li>\n<li>Antibakteriell<\/li>\n<li>Atmungsaktiv und temperaturregulierend<\/li>\n<li>Leichtgewichtig<\/li>\n<li>Super, super weich!<\/li>\n<\/ul>\n<p><strong>Spezifikationen:<\/strong><\/p>\n<ul>\n<li>Gr\u00f6ssen: 6-12M, 12-18M, 18-24M, 2-3J und 3-4J<\/li>\n<li>52 % Bio-Baumwolle, 43 % Bambus-Viskose, 5 % Elasthan<\/li>\n<li>UPF 50+ zertifiziert (EN13758-1) Getestet nach der europ\u00e4ischen Norm f\u00fcr UV-sch\u00fctzende Stoffe<\/li>\n<\/ul>\n<p>Diese komfortablen Shirts und Hosen bieten den notwendigen Sonnenschutz, bleiben dabei ab<strong>er leicht und atmungsaktiv<\/strong>, sodass Babys und Kinder sich frei und bequem bei jedem Abenteuer im Freien bewegen k\u00f6nnen! \ud83c\udf1e<\/p>\n<p><strong>Der perfekte Mix aus Schutz, Komfort und Bewegungsfreiheit.<\/strong><\/p>\n<p>Cloby bietet auch passende <a href=\"https:\/\/www.good-id.ch\/produkt\/erwartet-anfang-maerz-2024-uv-joggerpants-peachy-summer-upf50-12-18-monate\/\">Joggerhosen<\/a> und <a href=\"https:\/\/www.good-id.ch\/produkt\/uv-sonnenhut-peachy-summer-sandy-beach-upf50-6-12-monate\/\">Sonnenh\u00fcte<\/a> an, die ideal zur Kollektion passen und perfekt f\u00fcr Outdoor-Abenteuer geeignet sind.<\/p>\n","protected":false},"excerpt":{"rendered":"<p>UV Langarmshirt Navy Blue &#8211; UPF50+ &#8211; 2-3 Jahre<\/p>\n<p><strong>UV-Schutz f\u00fcr die Kleinsten \u2013 Langarmshirts und Joggerhosen mit Stil!<\/strong><\/p>\n<p>Die Cloby UV-sch\u00fctzenden Langarmshirts und Joggerhosen bestehen aus der beliebten Mischung aus Bio-Baumwolle und Bambus, die besonders sanft zur empfindlichen Haut deines Kindes ist. Mit einem nat\u00fcrlichen UPF 50+ Sonnenschutz bieten sie eine superweiche und bequeme Alternative zur herk\u00f6mmlichen UV-Badekleidung, die oft aus dickeren Materialien besteht und besser f\u00fcr Wasseraktivit\u00e4ten geeignet ist.<\/p>\n<p><strong>Nat\u00fcrliche und nachhaltige Materialen:<\/strong><\/p>\n<p>Die Langarmshirts bestehen aus einer speziellen Mischung aus Bambus, Bio-Baumwolle und Elasthan. Der Stoff hat folgende Eigenschaften:<\/p>\n<ul>\n<li>UV-Schutz (UPF 50+)<\/li>\n<li>Antibakteriell<\/li>\n<li>Atmungsaktiv und temperaturregulierend<\/li>\n<li>Leichtgewichtig<\/li>\n<li>Super, super weich!<\/li>\n<\/ul>\n<p><strong>Spezifikationen:<\/strong><\/p>\n<ul>\n<li>Gr\u00f6ssen: 6-12M, 12-18M, 18-24M, 2-3J und 3-4J<\/li>\n<li>52 % Bio-Baumwolle, 43 % Bambus-Viskose, 5 % Elasthan<\/li>\n<li>UPF 50+ zertifiziert (EN13758-1) Getestet nach der europ\u00e4ischen Norm f\u00fcr UV-sch\u00fctzende Stoffe<\/li>\n<\/ul>\n<p>Diese komfortablen Shirts und Hosen bieten den notwendigen Sonnenschutz, bleiben dabei ab<strong>er leicht und atmungsaktiv<\/strong>, sodass Babys und Kinder sich frei und bequem bei jedem Abenteuer im Freien bewegen k\u00f6nnen! \ud83c\udf1e<\/p>\n<p><strong>Der perfekte Mix aus Schutz, Komfort und Bewegungsfreiheit.<\/strong><\/p>\n<p>Cloby bietet auch passende <a href=\"https:\/\/www.good-id.ch\/produkt\/erwartet-anfang-maerz-2024-uv-joggerpants-peachy-summer-upf50-12-18-monate\/\">Joggerhosen<\/a> und <a href=\"https:\/\/www.good-id.ch\/produkt\/uv-sonnenhut-peachy-summer-sandy-beach-upf50-6-12-monate\/\">Sonnenh\u00fcte<\/a> an, die ideal zur Kollektion passen und perfekt f\u00fcr Outdoor-Abenteuer geeignet sind.<\/p>\n","protected":false},"featured_media":55784,"template":"","meta":[],"pwb-brand":[809],"product_brand":[],"product_cat":[1741],"product_tag":[1614],"class_list":{"0":"post-55462","1":"product","2":"type-product","3":"status-publish","4":"has-post-thumbnail","6":"pwb-brand-cloby-en","7":"product_cat-uv-protection-upf50-en","8":"product_tag-uv-sun-protection","10":"first","11":"instock","12":"taxable","13":"shipping-taxable","14":"purchasable","15":"product-type-simple"},"brands":[{"id":757,"name":"Cloby","slug":"cloby-de"}],"_links":{"self":[{"href":"https:\/\/www.good-id.ch\/en\/wp-json\/wp\/v2\/product\/55462","targetHints":{"allow":["GET"]}}],"collection":[{"href":"https:\/\/www.good-id.ch\/en\/wp-json\/wp\/v2\/product"}],"about":[{"href":"https:\/\/www.good-id.ch\/en\/wp-json\/wp\/v2\/types\/product"}],"wp:featuredmedia":[{"embeddable":true,"href":"https:\/\/www.good-id.ch\/en\/wp-json\/wp\/v2\/media\/55784"}],"wp:attachment":[{"href":"https:\/\/www.good-id.ch\/en\/wp-json\/wp\/v2\/media?parent=55462"}],"wp:term":[{"taxonomy":"pwb-brand","embeddable":true,"href":"https:\/\/www.good-id.ch\/en\/wp-json\/wp\/v2\/pwb-brand?post=55462"},{"taxonomy":"product_brand","embeddable":true,"href":"https:\/\/www.good-id.ch\/en\/wp-json\/wp\/v2\/product_brand?post=55462"},{"taxonomy":"product_cat","embeddable":true,"href":"https:\/\/www.good-id.ch\/en\/wp-json\/wp\/v2\/product_cat?post=55462"},{"taxonomy":"product_tag","embeddable":true,"href":"https:\/\/www.good-id.ch\/en\/wp-json\/wp\/v2\/product_tag?post=55462"}],"curies":[{"name":"wp","href":"https:\/\/api.w.org\/{rel}","templated":true}]}}