{"id":55235,"date":"2025-09-15T11:07:59","date_gmt":"2025-09-15T09:07:59","guid":{"rendered":"https:\/\/www.good-id.ch\/product\/dentelles-luxe-gift-box-mini-tall-wide-gold\/"},"modified":"2025-09-15T11:07:59","modified_gmt":"2025-09-15T09:07:59","slug":"dentelles-luxe-gift-box-mini-tall-wide-gold","status":"publish","type":"product","link":"https:\/\/www.good-id.ch\/en\/product\/dentelles-luxe-gift-box-mini-tall-wide-gold\/","title":{"rendered":"Dentelles Luxe Gift Box &#8211; Mini, Tall &#038; Wide &#8211; Gold"},"content":{"rendered":"<p>Dentelles Luxe Gift Box &#8211; Mini, Tall &amp; Wide &#8211; Gold<\/p>\n<p>Add extra atmosphere to your home with the exclusive Dentelles Gift Box!<\/p>\n<p>Inside, you\u2019ll find three elegant Dentelles lamps \u2013 in the sizes Mini, Tall, and Wide \u2013 perfect to combine as a set or to use individually as stylish highlights.<\/p>\n<p>These chic, wireless lamps are suitable for both indoor and outdoor use. With just a simple tap on the top or a press of the button underneath, you can easily dim the light to create the right mood for any occasion.<\/p>\n<p>Practical &amp; sustainable:<\/p>\n<ul>\n<li>Rechargeable via USB (cables included)<\/li>\n<li>100% recyclable and shatterproof<\/li>\n<li>Made from lightweight, weather-resistant PE material<\/li>\n<\/ul>\n<p>Contents: 1\u00d7 Dentelles Mini (H9 \u00d7 \u00d89 cm), 1\u00d7 Dentelles Wide (H15 \u00d7 \u00d816 cm), 1\u00d7 Dentelles Tall (H29 \u00d7 \u00d812 cm), incl. USB cables<\/p>\n<p>Gift box dimensions: 36 \u00d7 36 \u00d7 16 cm<\/p>\n<p>Whether as a centerpiece on the dining table, a cozy light in the living room, or an eye-catcher on the terrace \u2013 the Dentelles Gift Box always gives you the perfect lamp for every setting.<\/p>\n","protected":false},"excerpt":{"rendered":"<p>Dentelles Luxe Gift Box &#8211; Mini, Tall &amp; Wide &#8211; Gold<\/p>\n<p>Add extra atmosphere to your home with the exclusive Dentelles Gift Box!<\/p>\n<p>Inside, you\u2019ll find three elegant Dentelles lamps \u2013 in the sizes Mini, Tall, and Wide \u2013 perfect to combine as a set or to use individually as stylish highlights.<\/p>\n<p>These chic, wireless lamps are suitable for both indoor and outdoor use. With just a simple tap on the top or a press of the button underneath, you can easily dim the light to create the right mood for any occasion.<\/p>\n<p>Practical &amp; sustainable:<\/p>\n<ul>\n<li>Rechargeable via USB (cables included)<\/li>\n<li>100% recyclable and shatterproof<\/li>\n<li>Made from lightweight, weather-resistant PE material<\/li>\n<\/ul>\n<p>Contents: 1\u00d7 Dentelles Mini (H9 \u00d7 \u00d89 cm), 1\u00d7 Dentelles Wide (H15 \u00d7 \u00d816 cm), 1\u00d7 Dentelles Tall (H29 \u00d7 \u00d812 cm), incl. USB cables<\/p>\n<p>Gift box dimensions: 36 \u00d7 36 \u00d7 16 cm<\/p>\n<p>Whether as a centerpiece on the dining table, a cozy light in the living room, or an eye-catcher on the terrace \u2013 the Dentelles Gift Box always gives you the perfect lamp for every setting.<\/p>\n","protected":false},"featured_media":55228,"template":"","meta":[],"pwb-brand":[1386],"product_brand":[],"product_cat":[1765],"product_tag":[],"class_list":{"0":"post-55235","1":"product","2":"type-product","3":"status-publish","4":"has-post-thumbnail","6":"pwb-brand-atelier-pierre","7":"product_cat-lighting-lamps","9":"first","10":"instock","11":"taxable","12":"shipping-taxable","13":"purchasable","14":"product-type-simple"},"brands":[{"id":1386,"name":"Atelier Pierre","slug":"atelier-pierre"}],"_links":{"self":[{"href":"https:\/\/www.good-id.ch\/en\/wp-json\/wp\/v2\/product\/55235","targetHints":{"allow":["GET"]}}],"collection":[{"href":"https:\/\/www.good-id.ch\/en\/wp-json\/wp\/v2\/product"}],"about":[{"href":"https:\/\/www.good-id.ch\/en\/wp-json\/wp\/v2\/types\/product"}],"wp:featuredmedia":[{"embeddable":true,"href":"https:\/\/www.good-id.ch\/en\/wp-json\/wp\/v2\/media\/55228"}],"wp:attachment":[{"href":"https:\/\/www.good-id.ch\/en\/wp-json\/wp\/v2\/media?parent=55235"}],"wp:term":[{"taxonomy":"pwb-brand","embeddable":true,"href":"https:\/\/www.good-id.ch\/en\/wp-json\/wp\/v2\/pwb-brand?post=55235"},{"taxonomy":"product_brand","embeddable":true,"href":"https:\/\/www.good-id.ch\/en\/wp-json\/wp\/v2\/product_brand?post=55235"},{"taxonomy":"product_cat","embeddable":true,"href":"https:\/\/www.good-id.ch\/en\/wp-json\/wp\/v2\/product_cat?post=55235"},{"taxonomy":"product_tag","embeddable":true,"href":"https:\/\/www.good-id.ch\/en\/wp-json\/wp\/v2\/product_tag?post=55235"}],"curies":[{"name":"wp","href":"https:\/\/api.w.org\/{rel}","templated":true}]}}