{"id":55138,"date":"2025-08-20T12:04:46","date_gmt":"2025-08-20T10:04:46","guid":{"rendered":"https:\/\/www.good-id.ch\/?post_type=product&#038;p=55138"},"modified":"2026-04-08T14:26:52","modified_gmt":"2026-04-08T12:26:52","slug":"uv-babymuetze-navy-stripe-upf50-6-9-monate-74","status":"publish","type":"product","link":"https:\/\/www.good-id.ch\/en\/product\/uv-babymuetze-navy-stripe-upf50-6-9-monate-74\/","title":{"rendered":"UV Babym\u00fctze Navy Stripe &#8211; UPF50+ &#8211; 6-9 Monate \/ 74"},"content":{"rendered":"<p>UV Babym\u00fctze Navy Stripe &#8211; UPF50+ &#8211; 6-9 Monate \/ 74<\/p>\n<p><strong>S\u00fcsse Babym\u00fctze f\u00fcr optimalen Schutz und Komfort!<\/strong><\/p>\n<p>Halte das K\u00f6pfchen deines Babys warm und bequem mit der liebevoll gestalteten Babym\u00fctze von Cloby. Hergestellt aus einer superweichen Mischung aus Bio-Baumwolle und Bambus, ist sie nicht nur kuschelig, sondern auch funktional.<\/p>\n<p>Die atmungsaktive Stoff ist perfekt f\u00fcr empfindliche Babyhaut:<\/p>\n<p>Hypoallergen und antibakteriell \u2013 ideal f\u00fcr sensible K\u00f6pfe.<br \/>\nNat\u00fcrlicher UV-Schutz (UPF 50+) \u2013 sch\u00fctzt das zarte K\u00f6pfchen vor sch\u00e4dlicher Sonneneinstrahlung, egal ob drinnen oder draussen.<\/p>\n<p><strong>Nat\u00fcrliche und nachhaltige Materialen:<\/strong><\/p>\n<p>Die Babym\u00fctzen bestehen aus einer speziellen Mischung aus Bambus, Bio-Baumwolle und Elasthan. Der Stoff hat folgende Eigenschaften:<\/p>\n<ul>\n<li>UV-Schutz (UPF 50+)<\/li>\n<li>Antibakteriell<\/li>\n<li>Atmungsaktiv und temperaturregulierend<\/li>\n<li>Leichtgewichtig<\/li>\n<li>Super, super weich!<\/li>\n<\/ul>\n<p><strong>Spezifikationen:<\/strong><\/p>\n<ul>\n<li>Gr\u00f6ssen: 0-3M\/50-56, 3-6M\/62-68 &amp; 6-9M\/74-80<\/li>\n<li>52 % Bio-Baumwolle, 43 % Bambus-Viskose, 5 % Elasthan<\/li>\n<li>UPF 50+ zertifiziert (EN13758-1) Getestet nach der europ\u00e4ischen Norm f\u00fcr UV-sch\u00fctzende Stoffe<\/li>\n<\/ul>\n<p>Schau dir auch unsere passenden <a href=\"https:\/\/www.good-id.ch\/produkt\/uv-baby-overall-olive-green-upf50-6-9-monate\/\">Baby-Overalls<\/a> an!<\/p>\n<p><strong>Die perfekte Kombination aus Stil, Komfort und Schutz \u2013 ein Must-have f\u00fcr die Kleinen!<\/strong><\/p>\n","protected":false},"excerpt":{"rendered":"<p>UV Babym\u00fctze Navy Stripe &#8211; UPF50+ &#8211; 6-9 Monate \/ 74<\/p>\n<p><strong>S\u00fcsse Babym\u00fctze f\u00fcr optimalen Schutz und Komfort!<\/strong><\/p>\n<p>Halte das K\u00f6pfchen deines Babys warm und bequem mit der liebevoll gestalteten Babym\u00fctze von Cloby. Hergestellt aus einer superweichen Mischung aus Bio-Baumwolle und Bambus, ist sie nicht nur kuschelig, sondern auch funktional.<\/p>\n<p>Die atmungsaktive Stoff ist perfekt f\u00fcr empfindliche Babyhaut:<\/p>\n<p>Hypoallergen und antibakteriell \u2013 ideal f\u00fcr sensible K\u00f6pfe.<br \/>\nNat\u00fcrlicher UV-Schutz (UPF 50+) \u2013 sch\u00fctzt das zarte K\u00f6pfchen vor sch\u00e4dlicher Sonneneinstrahlung, egal ob drinnen oder draussen.<\/p>\n<p><strong>Spezifikationen:<\/strong><\/p>\n<ul>\n<li>Gr\u00f6ssen: 0-3M\/50-56, 3-6M\/62-68 &amp; 6-9M\/74-80<\/li>\n<li>52 % Bio-Baumwolle, 43 % Bambus-Viskose, 5 % Elasthan<\/li>\n<li>UPF 50+ zertifiziert (EN13758-1) Getestet nach der europ\u00e4ischen Norm f\u00fcr UV-sch\u00fctzende Stoffe<\/li>\n<\/ul>\n<p>Schau dir auch unsere passenden <a href=\"https:\/\/www.good-id.ch\/produkt\/uv-baby-overall-olive-green-upf50-6-9-monate\/\">Baby-Overalls<\/a> an!<\/p>\n<p><strong>Die perfekte Kombination aus Stil, Komfort und Schutz \u2013 ein Must-have f\u00fcr die Kleinen!<\/strong><\/p>\n","protected":false},"featured_media":55808,"template":"","meta":[],"pwb-brand":[757],"product_brand":[],"product_cat":[1738],"product_tag":[1613],"class_list":{"0":"post-55138","1":"product","2":"type-product","3":"status-publish","4":"has-post-thumbnail","6":"pwb-brand-cloby-de","7":"product_cat-uv-schutz-upf50","8":"product_tag-uv-schutz","10":"first","11":"instock","12":"taxable","13":"shipping-taxable","14":"purchasable","15":"product-type-simple"},"brands":[{"id":809,"name":"Cloby","slug":"cloby-en"}],"_links":{"self":[{"href":"https:\/\/www.good-id.ch\/en\/wp-json\/wp\/v2\/product\/55138","targetHints":{"allow":["GET"]}}],"collection":[{"href":"https:\/\/www.good-id.ch\/en\/wp-json\/wp\/v2\/product"}],"about":[{"href":"https:\/\/www.good-id.ch\/en\/wp-json\/wp\/v2\/types\/product"}],"wp:featuredmedia":[{"embeddable":true,"href":"https:\/\/www.good-id.ch\/en\/wp-json\/wp\/v2\/media\/55808"}],"wp:attachment":[{"href":"https:\/\/www.good-id.ch\/en\/wp-json\/wp\/v2\/media?parent=55138"}],"wp:term":[{"taxonomy":"pwb-brand","embeddable":true,"href":"https:\/\/www.good-id.ch\/en\/wp-json\/wp\/v2\/pwb-brand?post=55138"},{"taxonomy":"product_brand","embeddable":true,"href":"https:\/\/www.good-id.ch\/en\/wp-json\/wp\/v2\/product_brand?post=55138"},{"taxonomy":"product_cat","embeddable":true,"href":"https:\/\/www.good-id.ch\/en\/wp-json\/wp\/v2\/product_cat?post=55138"},{"taxonomy":"product_tag","embeddable":true,"href":"https:\/\/www.good-id.ch\/en\/wp-json\/wp\/v2\/product_tag?post=55138"}],"curies":[{"name":"wp","href":"https:\/\/api.w.org\/{rel}","templated":true}]}}