{"id":55134,"date":"2025-08-20T11:44:49","date_gmt":"2025-08-20T09:44:49","guid":{"rendered":"https:\/\/www.good-id.ch\/?post_type=product&#038;p=55134"},"modified":"2026-04-16T17:07:14","modified_gmt":"2026-04-16T15:07:14","slug":"uv-baby-overall-navy-stripe-upf50-3-6-monate-62-68","status":"publish","type":"product","link":"https:\/\/www.good-id.ch\/en\/product\/uv-baby-overall-navy-stripe-upf50-3-6-monate-62-68\/","title":{"rendered":"UV Baby-Overall Navy Stripe &#8211; UPF50+ &#8211; 3-6 Monate \/ 62-68"},"content":{"rendered":"<p>UV Baby-Overall Navy Stripe &#8211; UPF50+ &#8211; 3-6 Monate \/ 62-68<\/p>\n<p><strong>Perfekter Schutz und ultimativer Komfort f\u00fcr die Kleinsten!<\/strong><\/p>\n<p>Die Begeisterung f\u00fcr den Stoff der Cloby UV-Decken war \u00fcberw\u00e4ltigend. So weich und luftig, dass man ihn einfach sp\u00fcren m\u00f6chte! Genau deshalb haben sie\u00a0 die Baby-Overalls und passenden Babym\u00fctzen entwickelt.<\/p>\n<p>Der wunderbare Stoff besteht aus einer besonderen Mischung aus zertifizierter Bio-Baumwolle, Bambus und Elasthan. Der Overall bietet eine bequeme Passform und verf\u00fcgt \u00fcber durchgehende Kn\u00f6pfe, die das An- und Ausziehen sowie das Wickeln deines Babys kinderleicht machen. Der superweiche, geschmeidige Stoff ist perfekt f\u00fcr Tag und Nacht \u2013 der ideale erste Anzug f\u00fcr dein Baby!<\/p>\n<p>Der atmungsaktive Stoff f\u00fchlt sich nicht nur seidig weich auf der Haut an, sondern ist auch hypoallergen und antibakteriell \u2013 ideal f\u00fcr empfindliche Babyhaut. Zus\u00e4tzlich bietet er einen nat\u00fcrlichen Sonnenschutz UPF 50+, ganz ohne chemische Zus\u00e4tze, dank der speziellen Webart des Materials.<\/p>\n<p><strong>Nat\u00fcrliche und nachhaltige Materialen:<\/strong><\/p>\n<p>Die Baby-Overalls bestehen aus einer speziellen Mischung aus Bambus, Bio-Baumwolle und Elasthan. Der Stoff hat folgende Eigenschaften:<\/p>\n<ul>\n<li>UV-Schutz (UPF 50+)<\/li>\n<li>Antibakteriell<\/li>\n<li>Atmungsaktiv und temperaturregulierend<\/li>\n<li>Leichtgewichtig<\/li>\n<li>Super, super weich!<\/li>\n<\/ul>\n<p><strong>Spezifikationen:<\/strong><\/p>\n<ul>\n<li>Gr\u00f6ssen: 0-3 Monate, 3-6 Monate und 6-9 Monate<\/li>\n<li>52 % Bio-Baumwolle, 43 % Bambus-Viskose, 5 % Elasthan<\/li>\n<li>UPF 50+ zertifiziert (EN13758-1) Getestet nach der europ\u00e4ischen Norm f\u00fcr UV-sch\u00fctzende Stoffe<\/li>\n<\/ul>\n<p>Schau dir auch unsere passenden <a href=\"https:\/\/www.good-id.ch\/produkt\/uv-babymuetze-sandy-beach-upf50-groesse-74-80\/\">M\u00fctzen<\/a> an!<\/p>\n<p><strong>G\u00f6nn deinem Baby das Beste \u2013 superweich, bequem und sicher \u2013 mit dem Cloby UV Baby-Overall!<\/strong><\/p>\n","protected":false},"excerpt":{"rendered":"<p>UV Baby-Overall Navy Stripe &#8211; UPF50+ &#8211; 3-6 Monate \/ 62-68<\/p>\n<p><strong>Perfekter Schutz und ultimativer Komfort f\u00fcr die Kleinsten!<\/strong><\/p>\n<p>Die Begeisterung f\u00fcr den Stoff der Cloby UV-Decken war \u00fcberw\u00e4ltigend. So weich und luftig, dass man ihn einfach sp\u00fcren m\u00f6chte! Genau deshalb haben sie\u00a0 die Baby-Overalls und passenden Babym\u00fctzen entwickelt.<\/p>\n<p>Der wunderbare Stoff besteht aus einer besonderen Mischung aus zertifizierter Bio-Baumwolle, Bambus und Elasthan. Der Overall bietet eine bequeme Passform und verf\u00fcgt \u00fcber durchgehende Kn\u00f6pfe, die das An- und Ausziehen sowie das Wickeln deines Babys kinderleicht machen. Der superweiche, geschmeidige Stoff ist perfekt f\u00fcr Tag und Nacht \u2013 der ideale erste Anzug f\u00fcr dein Baby!<\/p>\n<p>Der atmungsaktive Stoff f\u00fchlt sich nicht nur seidig weich auf der Haut an, sondern ist auch hypoallergen und antibakteriell \u2013 ideal f\u00fcr empfindliche Babyhaut. Zus\u00e4tzlich bietet er einen nat\u00fcrlichen Sonnenschutz UPF 50+, ganz ohne chemische Zus\u00e4tze, dank der speziellen Webart des Materials.<\/p>\n<p><strong>Spezifikationen:<\/strong><\/p>\n<ul>\n<li>Gr\u00f6ssen: 0-3 Monate, 3-6 Monate und 6-9 Monate<\/li>\n<li>52 % Bio-Baumwolle, 43 % Bambus-Viskose, 5 % Elasthan<\/li>\n<li>UPF 50+ zertifiziert (EN13758-1) Getestet nach der europ\u00e4ischen Norm f\u00fcr UV-sch\u00fctzende Stoffe<\/li>\n<\/ul>\n<p>Schau dir auch unsere passenden <a href=\"https:\/\/www.good-id.ch\/produkt\/uv-babymuetze-sandy-beach-upf50-groesse-74-80\/\">M\u00fctzen<\/a> an!<\/p>\n<p><strong>G\u00f6nn deinem Baby das Beste \u2013 superweich, bequem und sicher \u2013 mit dem Cloby UV Baby-Overall!<\/strong><\/p>\n","protected":false},"featured_media":55806,"template":"","meta":[],"pwb-brand":[757],"product_brand":[],"product_cat":[1738],"product_tag":[1613],"class_list":{"0":"post-55134","1":"product","2":"type-product","3":"status-publish","4":"has-post-thumbnail","6":"pwb-brand-cloby-de","7":"product_cat-uv-schutz-upf50","8":"product_tag-uv-schutz","10":"first","11":"instock","12":"taxable","13":"shipping-taxable","14":"purchasable","15":"product-type-simple"},"brands":[{"id":757,"name":"Cloby","slug":"cloby-de"}],"_links":{"self":[{"href":"https:\/\/www.good-id.ch\/en\/wp-json\/wp\/v2\/product\/55134","targetHints":{"allow":["GET"]}}],"collection":[{"href":"https:\/\/www.good-id.ch\/en\/wp-json\/wp\/v2\/product"}],"about":[{"href":"https:\/\/www.good-id.ch\/en\/wp-json\/wp\/v2\/types\/product"}],"wp:featuredmedia":[{"embeddable":true,"href":"https:\/\/www.good-id.ch\/en\/wp-json\/wp\/v2\/media\/55806"}],"wp:attachment":[{"href":"https:\/\/www.good-id.ch\/en\/wp-json\/wp\/v2\/media?parent=55134"}],"wp:term":[{"taxonomy":"pwb-brand","embeddable":true,"href":"https:\/\/www.good-id.ch\/en\/wp-json\/wp\/v2\/pwb-brand?post=55134"},{"taxonomy":"product_brand","embeddable":true,"href":"https:\/\/www.good-id.ch\/en\/wp-json\/wp\/v2\/product_brand?post=55134"},{"taxonomy":"product_cat","embeddable":true,"href":"https:\/\/www.good-id.ch\/en\/wp-json\/wp\/v2\/product_cat?post=55134"},{"taxonomy":"product_tag","embeddable":true,"href":"https:\/\/www.good-id.ch\/en\/wp-json\/wp\/v2\/product_tag?post=55134"}],"curies":[{"name":"wp","href":"https:\/\/api.w.org\/{rel}","templated":true}]}}