{"id":53976,"date":"2025-02-06T14:21:49","date_gmt":"2025-02-06T13:21:49","guid":{"rendered":"https:\/\/www.good-id.ch\/?post_type=product&#038;p=53976"},"modified":"2025-02-17T19:40:46","modified_gmt":"2025-02-17T18:40:46","slug":"swiss-roll","status":"publish","type":"product","link":"https:\/\/www.good-id.ch\/en\/product\/swiss-roll\/","title":{"rendered":"Roulade"},"content":{"rendered":"<p>Roulade<\/p>\n<p>Ladet die ganze Familie, Teddyb\u00e4ren und Puppen zu einer gem\u00fctlichen Teeparty ein und serviert einen leckeren Kuchen. Die MAMAMEMO\u00ae Roulade ist ein garantierter Hit f\u00fcr Gross und Klein!<\/p>\n<p>MAMAMEMO\u00ae hat die klassische \u2013 vielleicht etwas unscheinbare \u2013 Biskuitrolle neu interpretiert. Jetzt kommt sie mit einer k\u00f6stlichen Schokoladenglasur (nat\u00fcrlich aus feinster Kuvert\u00fcre) und frischen Beeren obendrauf. Einfach unwiderstehlich!<\/p>\n<p>Guten Appetit! \ud83c\udf70\u2728<\/p>\n<p>Verpackungsmasse:<br \/>\nL: 14 cm B: 10 cm H: 8,5 cm<\/p>\n<p>Material: FSC Holz<\/p>\n<p>Das Spielzeug ist aus hochwertigem Holz und die Farben sind frei von Giftstoffen.<\/p>\n<p>Altersempfehlung: ab 2 Jahren<\/p>\n<p>MAMAMEMO\u00ae Spielzeuge entsprechen den europ\u00e4ischen Sicherheitsbestimmungen f\u00fcr Spielzeuge und tragen das CE-Zeichen.<\/p>\n<p>ASTRUP Group unterst\u00fctzt j\u00e4hrlich die Kinder-Krebs-Forschung.<\/p>\n","protected":false},"excerpt":{"rendered":"<p>Roulade<\/p>\n<p>Ladet die ganze Familie, Teddyb\u00e4ren und Puppen zu einer gem\u00fctlichen Teeparty ein und serviert einen leckeren Kuchen. Die MAMAMEMO\u00ae Swiss Roll ist ein garantierter Hit f\u00fcr Gross und Klein!<\/p>\n<p>MAMAMEMO\u00ae hat die klassische \u2013 vielleicht etwas unscheinbare \u2013 Biskuitrolle neu interpretiert. Jetzt kommt sie mit einer k\u00f6stlichen Schokoladenglasur (nat\u00fcrlich aus feinster Kuvert\u00fcre) und frischen Beeren obendrauf. Einfach unwiderstehlich!<\/p>\n<p>Guten Appetit! \ud83c\udf70\u2728<\/p>\n<p>Verpackungsmasse:<br \/>\nL: 14 cm B: 10 cm H: 8,5 cm<\/p>\n<p>Material: FSC Holz<\/p>\n<p>Das Spielzeug ist aus hochwertigem Holz und die Farben sind frei von Giftstoffen.<\/p>\n<p>Altersempfehlung: ab 2 Jahren<\/p>\n<p>MAMAMEMO\u00ae Spielzeuge entsprechen den europ\u00e4ischen Sicherheitsbestimmungen f\u00fcr Spielzeuge und tragen das CE-Zeichen.<\/p>\n<p>ASTRUP Group unterst\u00fctzt j\u00e4hrlich die Kinder-Krebs-Forschung.<\/p>\n","protected":false},"featured_media":53977,"template":"","meta":[],"pwb-brand":[1551],"product_brand":[],"product_cat":[1618],"product_tag":[1468],"class_list":{"0":"post-53976","1":"product","2":"type-product","3":"status-publish","4":"has-post-thumbnail","6":"pwb-brand-mamamemo-de","7":"product_cat-holzspielzeug","8":"product_tag-holz","10":"first","11":"onbackorder","12":"taxable","13":"shipping-taxable","14":"purchasable","15":"product-type-simple"},"brands":[{"id":1551,"name":"MAMAMEMO\u00ae","slug":"mamamemo-de"}],"_links":{"self":[{"href":"https:\/\/www.good-id.ch\/en\/wp-json\/wp\/v2\/product\/53976","targetHints":{"allow":["GET"]}}],"collection":[{"href":"https:\/\/www.good-id.ch\/en\/wp-json\/wp\/v2\/product"}],"about":[{"href":"https:\/\/www.good-id.ch\/en\/wp-json\/wp\/v2\/types\/product"}],"wp:featuredmedia":[{"embeddable":true,"href":"https:\/\/www.good-id.ch\/en\/wp-json\/wp\/v2\/media\/53977"}],"wp:attachment":[{"href":"https:\/\/www.good-id.ch\/en\/wp-json\/wp\/v2\/media?parent=53976"}],"wp:term":[{"taxonomy":"pwb-brand","embeddable":true,"href":"https:\/\/www.good-id.ch\/en\/wp-json\/wp\/v2\/pwb-brand?post=53976"},{"taxonomy":"product_brand","embeddable":true,"href":"https:\/\/www.good-id.ch\/en\/wp-json\/wp\/v2\/product_brand?post=53976"},{"taxonomy":"product_cat","embeddable":true,"href":"https:\/\/www.good-id.ch\/en\/wp-json\/wp\/v2\/product_cat?post=53976"},{"taxonomy":"product_tag","embeddable":true,"href":"https:\/\/www.good-id.ch\/en\/wp-json\/wp\/v2\/product_tag?post=53976"}],"curies":[{"name":"wp","href":"https:\/\/api.w.org\/{rel}","templated":true}]}}