{"id":53746,"date":"2025-02-03T11:34:15","date_gmt":"2025-02-03T10:34:15","guid":{"rendered":"https:\/\/www.good-id.ch\/?post_type=product&#038;p=53746"},"modified":"2025-02-18T08:51:51","modified_gmt":"2025-02-18T07:51:51","slug":"dentelles-bistrolampe-silk-copy","status":"publish","type":"product","link":"https:\/\/www.good-id.ch\/en\/product\/dentelles-bistrolampe-silk-copy\/","title":{"rendered":"Dentelles Ring-Set f\u00fcr Lautsprecher &#8211; Terra\/Clay\/Black"},"content":{"rendered":"<p>Dentelles Ring-Set f\u00fcr Lautsprecher &#8211; Terra\/Clay\/Black<\/p>\n<p>&nbsp;<\/p>\n<p>Spezifikationen:<\/p>\n<p>Die Dentelles-Kollektion ist mittlerweile umfangreich und umfasst wundersch\u00f6ne Lampen in verschiedenen Gr\u00f6ssen sowie Lautsprecher. Besuchen Sie unsere Website f\u00fcr noch mehr Inspiration.<\/p>\n","protected":false},"excerpt":{"rendered":"<p>Dentelles Ring-Set f\u00fcr Lautsprecher &#8211; Terra\/Clay\/Black &nbsp; Spezifikationen: Die Dentelles-Kollektion ist mittlerweile umfangreich und umfasst wundersch\u00f6ne Lampen in verschiedenen Gr\u00f6ssen sowie Lautsprecher. Besuchen Sie unsere Website f\u00fcr noch mehr Inspiration.<\/p>\n","protected":false},"featured_media":53747,"template":"","meta":[],"pwb-brand":[1385],"product_brand":[],"product_cat":[1412],"product_tag":[],"class_list":{"0":"post-53746","1":"product","2":"type-product","3":"status-publish","4":"has-post-thumbnail","6":"pwb-brand-atelier-pierre-de","7":"product_cat-wohn-accessoires","9":"first","10":"onbackorder","11":"taxable","12":"shipping-taxable","13":"purchasable","14":"product-type-simple"},"brands":[{"id":1385,"name":"Atelier Pierre","slug":"atelier-pierre-de"}],"_links":{"self":[{"href":"https:\/\/www.good-id.ch\/en\/wp-json\/wp\/v2\/product\/53746","targetHints":{"allow":["GET"]}}],"collection":[{"href":"https:\/\/www.good-id.ch\/en\/wp-json\/wp\/v2\/product"}],"about":[{"href":"https:\/\/www.good-id.ch\/en\/wp-json\/wp\/v2\/types\/product"}],"wp:featuredmedia":[{"embeddable":true,"href":"https:\/\/www.good-id.ch\/en\/wp-json\/wp\/v2\/media\/53747"}],"wp:attachment":[{"href":"https:\/\/www.good-id.ch\/en\/wp-json\/wp\/v2\/media?parent=53746"}],"wp:term":[{"taxonomy":"pwb-brand","embeddable":true,"href":"https:\/\/www.good-id.ch\/en\/wp-json\/wp\/v2\/pwb-brand?post=53746"},{"taxonomy":"product_brand","embeddable":true,"href":"https:\/\/www.good-id.ch\/en\/wp-json\/wp\/v2\/product_brand?post=53746"},{"taxonomy":"product_cat","embeddable":true,"href":"https:\/\/www.good-id.ch\/en\/wp-json\/wp\/v2\/product_cat?post=53746"},{"taxonomy":"product_tag","embeddable":true,"href":"https:\/\/www.good-id.ch\/en\/wp-json\/wp\/v2\/product_tag?post=53746"}],"curies":[{"name":"wp","href":"https:\/\/api.w.org\/{rel}","templated":true}]}}