{"id":48553,"date":"2023-09-04T11:06:38","date_gmt":"2023-09-04T09:06:38","guid":{"rendered":"https:\/\/www.good-id.ch\/?post_type=product&#038;p=48553"},"modified":"2025-12-31T13:30:16","modified_gmt":"2025-12-31T12:30:16","slug":"tasche-fuer-pflegeutensilien-steckenpferde-cord-gruen","status":"publish","type":"product","link":"https:\/\/www.good-id.ch\/en\/product\/tasche-fuer-pflegeutensilien-steckenpferde-cord-gruen\/","title":{"rendered":"Tasche f\u00fcr Pflegeutensilien Steckenpferde &#8211; Cord &#8211; Gr\u00fcn"},"content":{"rendered":"<p>Tasche f\u00fcr Pflegeutensilien Steckenpferde &#8211; Cord &#8211; Gr\u00fcn<\/p>\n<p>Serie by ASTRUP\u00ae Hobby Horses<\/p>\n<p>Betreten Sie die faszinierende Welt der Steckenpferde mit unserer neuesten Erg\u00e4nzung zum Hobbypferdezubeh\u00f6r \u2013 der exquisiten gr\u00fcnen Pflegetasche von by ASTRUP\u00ae. Durch die Interaktion mit unserer Pflegetasche werden Kinder schon fr\u00fch an Konzepte von Verantwortung und Organisation herangef\u00fchrt. Sie lernen, wie wichtig der Umgang mit der Pferdeausr\u00fcstung und den wichtigsten Pflegeutensilien ist \u2013 eine wichtige Lebenskompetenz.<\/p>\n<p>In dieser Tasche k\u00f6nnen Sie Fellpfleger und Zubeh\u00f6r f\u00fcr Ihren treuen Begleiter ordentlich verstauen. Der nordische Gr\u00fcnton in Kombination mit dem weichen Samtmaterial wertet die by ASTRUP\u00ae Pflegetasche auf und macht sie zu einer grossartigen Erg\u00e4nzung f\u00fcr die Sammlung jedes begeisterten Steckenpferdeliebhabers. Sein Reiz geht jedoch \u00fcber die \u00c4sthetik hinaus; Bei der Gestaltung dieser Tasche wurde Wert auf Praktikabilit\u00e4t gelegt. Sie erleichtert die organisierte Aufbewahrung von Trimmern und Zubeh\u00f6r und steigert so das Rollenspielerlebnis.<\/p>\n<p><strong>Im Lieferumfang ist eine Pflegetasche enthalten. Das <a href=\"https:\/\/www.good-id.ch\/produkt\/pferdepflegeset-fuer-steckenpferde\/\">Putzzeug<\/a> ist separat erh\u00e4ltlich.<\/strong><\/p>\n<p>Gr\u00f6sse: 16 x 16 x 14 cm<br \/>\nMaterial: Polyester<\/p>\n<p>Altersempfehlung: ab 3 Jahren<\/p>\n<p>by ASTRUP\u00ae unterst\u00fctzt j\u00e4hrlich die Kinder-Krebs-Forschung.<br \/>\nAlle Holzspielzeuge von by ASTRUP\u00ae werden speziell f\u00fcr das Lernen und die Unterhaltung hergestellt.<br \/>\nAlle Spielzeuge entsprechen den aktuellen europ\u00e4ischen Sicherheitsbestimmungen f\u00fcr Spielzeuge und sind CE-gekennzeichnet.<\/p>\n","protected":false},"excerpt":{"rendered":"<p>Tasche f\u00fcr Pflegeutensilien Steckenpferde &#8211; Cord &#8211; Gr\u00fcn<\/p>\n<p>Serie by ASTRUP\u00ae Hobby Horses<\/p>\n<p>Betreten Sie die faszinierende Welt der Steckenpferde mit unserer neuesten Erg\u00e4nzung zum Hobbypferdezubeh\u00f6r \u2013 der exquisiten gr\u00fcnen Pflegetasche von by ASTRUP\u00ae. Durch die Interaktion mit unserer Pflegetasche werden Kinder schon fr\u00fch an Konzepte von Verantwortung und Organisation herangef\u00fchrt. Sie lernen, wie wichtig der Umgang mit der Pferdeausr\u00fcstung und den wichtigsten Pflegeutensilien ist \u2013 eine wichtige Lebenskompetenz.<\/p>\n<p>In dieser Tasche k\u00f6nnen Sie Fellpfleger und Zubeh\u00f6r f\u00fcr Ihren treuen Begleiter ordentlich verstauen. Der nordische Gr\u00fcnton in Kombination mit dem weichen Samtmaterial wertet die by ASTRUP\u00ae Pflegetasche auf und macht sie zu einer grossartigen Erg\u00e4nzung f\u00fcr die Sammlung jedes begeisterten Steckenpferdeliebhabers. Sein Reiz geht jedoch \u00fcber die \u00c4sthetik hinaus; Bei der Gestaltung dieser Tasche wurde Wert auf Praktikabilit\u00e4t gelegt. Sie erleichtert die organisierte Aufbewahrung von Trimmern und Zubeh\u00f6r und steigert so das Rollenspielerlebnis.<\/p>\n<p><strong><br \/>\nIm Lieferumfang ist eine Pflegetasche enthalten. Das <a href=\"https:\/\/www.good-id.ch\/produkt\/pferdepflegeset-fuer-steckenpferde\/\">Putzzeug<\/a> ist separat erh\u00e4ltlich.<\/strong><br \/>\nGr\u00f6sse: 16 x 16 x 14 cm<br \/>\nMaterial: Polyester<\/p>\n<p>Altersempfehlung: ab 3 Jahren<\/p>\n","protected":false},"featured_media":49268,"template":"","meta":[],"pwb-brand":[1550],"product_brand":[],"product_cat":[1757,1728,1725],"product_tag":[],"class_list":{"0":"post-48553","1":"product","2":"type-product","3":"status-publish","4":"has-post-thumbnail","6":"pwb-brand-byastrup-de","7":"product_cat-mini-pferde-und-mehr","8":"product_cat-steckenpferde","9":"product_cat-ruecksaecke-taschen","11":"first","12":"instock","13":"taxable","14":"shipping-taxable","15":"purchasable","16":"product-type-simple"},"brands":[{"id":1550,"name":"by ASTRUP\u00ae","slug":"byastrup-de"}],"_links":{"self":[{"href":"https:\/\/www.good-id.ch\/en\/wp-json\/wp\/v2\/product\/48553","targetHints":{"allow":["GET"]}}],"collection":[{"href":"https:\/\/www.good-id.ch\/en\/wp-json\/wp\/v2\/product"}],"about":[{"href":"https:\/\/www.good-id.ch\/en\/wp-json\/wp\/v2\/types\/product"}],"wp:featuredmedia":[{"embeddable":true,"href":"https:\/\/www.good-id.ch\/en\/wp-json\/wp\/v2\/media\/49268"}],"wp:attachment":[{"href":"https:\/\/www.good-id.ch\/en\/wp-json\/wp\/v2\/media?parent=48553"}],"wp:term":[{"taxonomy":"pwb-brand","embeddable":true,"href":"https:\/\/www.good-id.ch\/en\/wp-json\/wp\/v2\/pwb-brand?post=48553"},{"taxonomy":"product_brand","embeddable":true,"href":"https:\/\/www.good-id.ch\/en\/wp-json\/wp\/v2\/product_brand?post=48553"},{"taxonomy":"product_cat","embeddable":true,"href":"https:\/\/www.good-id.ch\/en\/wp-json\/wp\/v2\/product_cat?post=48553"},{"taxonomy":"product_tag","embeddable":true,"href":"https:\/\/www.good-id.ch\/en\/wp-json\/wp\/v2\/product_tag?post=48553"}],"curies":[{"name":"wp","href":"https:\/\/api.w.org\/{rel}","templated":true}]}}