{"id":48552,"date":"2023-09-04T10:53:51","date_gmt":"2023-09-04T08:53:51","guid":{"rendered":"https:\/\/www.good-id.ch\/?post_type=product&#038;p=48552"},"modified":"2026-04-03T12:02:30","modified_gmt":"2026-04-03T10:02:30","slug":"putztasche-pink","status":"publish","type":"product","link":"https:\/\/www.good-id.ch\/en\/product\/putztasche-pink\/","title":{"rendered":"Tasche f\u00fcr Pflegeutensilien Steckenpferde &#8211; Pink Glitter"},"content":{"rendered":"<p>Tasche f\u00fcr Pflegeutensilien Steckenpferde &#8211; Pink Glitter<\/p>\n<p>Serie by ASTRUP\u00ae Hobby Horses<\/p>\n<p>By ASTRUP\u00ae begr\u00fcsst die neueste Erg\u00e4nzung zu unserem beliebten Hobby Horse-Universum \u2013 die exklusive Tasche in gl\u00e4nzendem Glitzer. Diese Tasche wurde f\u00fcr Steckenpferde-Besitzer entwickelt, die eine stilvolle Aufbewahrung von Fellpflegemitteln und Zubeh\u00f6r w\u00fcnschen. Mit seiner bezaubernden rosa Farbe und dem gl\u00e4nzenden Glitzer wird das Rollenspiel pl\u00f6tzlich noch abenteuerlicher! Die Tasche ist ger\u00e4umig und verf\u00fcgt \u00fcber ein gro\u00dfes Hauptfach f\u00fcr Fellpfleger, B\u00fcrsten und Pflegeartikel sowie vier kleinere Taschen f\u00fcr Gummib\u00e4nder und B\u00fcrsten. Die stabilen Griffe erleichtern den Transport, egal ob beim Ponyausflug, im Stall oder auf der Ponyschau.<br \/>\n<strong><br \/>\nIm Lieferumfang ist eine Pflegetasche enthalten. Das <a href=\"https:\/\/www.good-id.ch\/produkt\/pferdepflegeset-fuer-steckenpferde\/\">Putzzeug<\/a> ist separat erh\u00e4ltlich.<\/strong><br \/>\nGr\u00f6sse: 16 x 16 x 14 cm<br \/>\nMaterial: Polyester<\/p>\n<p>Altersempfehlung: ab 3 Jahren<\/p>\n<p>by ASTRUP\u00ae unterst\u00fctzt j\u00e4hrlich die Kinder-Krebs-Forschung.<br \/>\nAlle Holzspielzeuge von by ASTRUP\u00ae werden speziell f\u00fcr das Lernen und die Unterhaltung hergestellt.<br \/>\nAlle Spielzeuge entsprechen den aktuellen europ\u00e4ischen Sicherheitsbestimmungen f\u00fcr Spielzeuge und sind CE-gekennzeichnet.<\/p>\n","protected":false},"excerpt":{"rendered":"<p>Tasche f\u00fcr Pflegeutensilien Steckenpferde &#8211; Pink Glitter<\/p>\n<p>Serie by ASTRUP\u00ae Hobby Horses<\/p>\n<p>By ASTRUP\u00ae begr\u00fcsst die neueste Erg\u00e4nzung zu unserem beliebten Hobby Horse-Universum \u2013 die exklusive Tasche in gl\u00e4nzendem Glitzer. Diese Tasche wurde f\u00fcr Steckenpferde-Besitzer entwickelt, die eine stilvolle Aufbewahrung von Fellpflegemitteln und Zubeh\u00f6r w\u00fcnschen. Mit seiner bezaubernden rosa Farbe und dem gl\u00e4nzenden Glitzer wird das Rollenspiel pl\u00f6tzlich noch abenteuerlicher! Die Tasche ist ger\u00e4umig und verf\u00fcgt \u00fcber ein gro\u00dfes Hauptfach f\u00fcr Fellpfleger, B\u00fcrsten und Pflegeartikel sowie vier kleinere Taschen f\u00fcr Gummib\u00e4nder und B\u00fcrsten. Die stabilen Griffe erleichtern den Transport, egal ob beim Ponyausflug, im Stall oder auf der Ponyschau.<\/p>\n<p><strong><br \/>\nIm Lieferumfang ist eine Pflegetasche enthalten. Das <a href=\"https:\/\/www.good-id.ch\/produkt\/pferdepflegeset-fuer-steckenpferde\/\">Putzzeug<\/a> ist separat erh\u00e4ltlich.<\/strong><br \/>\nGr\u00f6sse: 16 x 16 x 14 cm<br \/>\nMaterial: Polyester<\/p>\n<p>Altersempfehlung: ab 3 Jahren<\/p>\n<p>by ASTRUP\u00ae unterst\u00fctzt j\u00e4hrlich die Kinder-Krebs-Forschung.<br \/>\nAlle Holzspielzeuge von by ASTRUP\u00ae werden speziell f\u00fcr das Lernen und die Unterhaltung hergestellt.<br \/>\nAlle Spielzeuge entsprechen den aktuellen europ\u00e4ischen Sicherheitsbestimmungen f\u00fcr Spielzeuge und sind CE-gekennzeichnet.<\/p>\n","protected":false},"featured_media":49280,"template":"","meta":[],"pwb-brand":[1550],"product_brand":[],"product_cat":[1757,1728,1725],"product_tag":[],"class_list":{"0":"post-48552","1":"product","2":"type-product","3":"status-publish","4":"has-post-thumbnail","6":"pwb-brand-byastrup-de","7":"product_cat-mini-pferde-und-mehr","8":"product_cat-steckenpferde","9":"product_cat-ruecksaecke-taschen","11":"first","12":"instock","13":"taxable","14":"shipping-taxable","15":"purchasable","16":"product-type-simple"},"brands":[{"id":1550,"name":"by ASTRUP\u00ae","slug":"byastrup-de"}],"_links":{"self":[{"href":"https:\/\/www.good-id.ch\/en\/wp-json\/wp\/v2\/product\/48552","targetHints":{"allow":["GET"]}}],"collection":[{"href":"https:\/\/www.good-id.ch\/en\/wp-json\/wp\/v2\/product"}],"about":[{"href":"https:\/\/www.good-id.ch\/en\/wp-json\/wp\/v2\/types\/product"}],"wp:featuredmedia":[{"embeddable":true,"href":"https:\/\/www.good-id.ch\/en\/wp-json\/wp\/v2\/media\/49280"}],"wp:attachment":[{"href":"https:\/\/www.good-id.ch\/en\/wp-json\/wp\/v2\/media?parent=48552"}],"wp:term":[{"taxonomy":"pwb-brand","embeddable":true,"href":"https:\/\/www.good-id.ch\/en\/wp-json\/wp\/v2\/pwb-brand?post=48552"},{"taxonomy":"product_brand","embeddable":true,"href":"https:\/\/www.good-id.ch\/en\/wp-json\/wp\/v2\/product_brand?post=48552"},{"taxonomy":"product_cat","embeddable":true,"href":"https:\/\/www.good-id.ch\/en\/wp-json\/wp\/v2\/product_cat?post=48552"},{"taxonomy":"product_tag","embeddable":true,"href":"https:\/\/www.good-id.ch\/en\/wp-json\/wp\/v2\/product_tag?post=48552"}],"curies":[{"name":"wp","href":"https:\/\/api.w.org\/{rel}","templated":true}]}}