{"id":48549,"date":"2023-09-04T10:41:05","date_gmt":"2023-09-04T08:41:05","guid":{"rendered":"https:\/\/www.good-id.ch\/?post_type=product&#038;p=48549"},"modified":"2026-04-08T14:05:03","modified_gmt":"2026-04-08T12:05:03","slug":"pferdepflegeset-fuer-steckenpferde","status":"publish","type":"product","link":"https:\/\/www.good-id.ch\/en\/product\/pferdepflegeset-fuer-steckenpferde\/","title":{"rendered":"Putzzeug f\u00fcr Steckenpferde"},"content":{"rendered":"<p>Putzzeug f\u00fcr Steckenpferde<\/p>\n<p>Serie by ASTRUP\u00ae Hobby Horses<\/p>\n<p>St\u00e4rken Sie Fantasie und Rollenspiel mit unserem Grooming Set von by ASTRUP\u00ae! Das Set besteht aus sieben Teilen, die f\u00fcr Kinder leicht zu handhaben sind und zum endlosen Spielen mit dem Pferd einladen. Lassen Sie Ihrer Fantasie freien Lauf und massieren Sie Ihr Pony mit der Massageb\u00fcrste, waschen Sie die M\u00e4hne mit Shampoo und b\u00fcrsten Sie es sch\u00f6n, dann ist es bereit f\u00fcr Ihre Ponyshow mit Ihren Freunden! Es ist eine gro\u00dfe Aufgabe, ein Pferd zu halten \u2013 aber es kann auch Spass machen, Verantwortung zu lernen!<\/p>\n<p>Das Putzzeug enth\u00e4lt: Waschb\u00fcrste, Schwamm, Schweifb\u00fcrste, Massageb\u00fcrste, Shampoo, Show Shine Spray und Gel.<br \/>\n<strong>Im Lieferumfang ist nur das Putzzeug enthalten. Die andere Produkte sind separat erh\u00e4ltlich.<\/strong><\/p>\n<p>Es gibt viele gute Gr\u00fcnde, warum unser Steckenpferde-Universum so beliebt ist und Kinder in \u00fcber 30 L\u00e4ndern ein by ASTRUP\u00ae Steckenpferd besitzen! Mit dem richtigen Zubeh\u00f6r wie unserem Pflegeset und dem Futterset laden die Spielzeuge nicht nur zum Rollenspiel und zur Fantasie ein, sondern f\u00f6rdern auch die Entwicklung von Feinmotorik, Grobmotorik und sozialem Spielen.<br \/>\nLassen Sie Ihre Kinder ihrer Fantasie freien Lauf und entwickeln Sie gleichzeitig wichtige F\u00e4higkeiten mit unserem Steckenpferd-Zubeh\u00f6r, das das Rollenspiel auf ein neues Niveau bringt.<\/p>\n<p>Dieses aus umweltfreundlichem FSC-Holz gefertigte Set ist nicht nur ein Spielzeug \u2013 es ist eine nachhaltige Wahl, die sowohl die Umwelt als auch die Entwicklung Ihres Kindes f\u00f6rdert.<\/p>\n<p>Altersempfehlung: ab 3 Jahren<\/p>\n<p>by ASTRUP\u00ae unterst\u00fctzt j\u00e4hrlich die Kinder-Krebs-Forschung.<br \/>\nAlle Holzspielzeuge von by ASTRUP\u00ae werden speziell f\u00fcr das Lernen und die Unterhaltung hergestellt.<br \/>\nAlle Spielzeuge entsprechen den aktuellen europ\u00e4ischen Sicherheitsbestimmungen f\u00fcr Spielzeuge und sind CE-gekennzeichnet.<\/p>\n","protected":false},"excerpt":{"rendered":"<p>Putzzeug f\u00fcr Steckenpferde<\/p>\n<p>Serie by ASTRUP\u00ae Hobby Horses<\/p>\n<p>St\u00e4rken Sie Fantasie und Rollenspiel mit unserem Grooming Set von by ASTRUP\u00ae! Das Set besteht aus sieben Teilen, die f\u00fcr Kinder leicht zu handhaben sind und zum endlosen Spielen mit dem Pferd einladen. Lassen Sie Ihrer Fantasie freien Lauf und massieren Sie Ihr Pony mit der Massageb\u00fcrste, waschen Sie die M\u00e4hne mit Shampoo und b\u00fcrsten Sie es sch\u00f6n, dann ist es bereit f\u00fcr Ihre Ponyshow mit Ihren Freunden! Es ist eine gro\u00dfe Aufgabe, ein Pferd zu halten \u2013 aber es kann auch Spass machen, Verantwortung zu lernen!<\/p>\n<p>Das Putzzeug enth\u00e4lt: Waschb\u00fcrste, Schwamm, Schweifb\u00fcrste, Massageb\u00fcrste, Shampoo, Show Shine Spray und Gel.<br \/>\n<strong>Im Lieferumfang ist nur das Putzzeug enthalten. Die andere Produkte sind separat erh\u00e4ltlich.<\/strong><\/p>\n<p>Es gibt viele gute Gr\u00fcnde, warum unser Steckenpferde-Universum so beliebt ist und Kinder in \u00fcber 30 L\u00e4ndern ein by ASTRUP\u00ae Steckenpferd besitzen! Mit dem richtigen Zubeh\u00f6r wie unserem Pflegeset und dem Futterset laden die Spielzeuge nicht nur zum Rollenspiel und zur Fantasie ein, sondern f\u00f6rdern auch die Entwicklung von Feinmotorik, Grobmotorik und sozialem Spielen.<br \/>\nLassen Sie Ihre Kinder ihrer Fantasie freien Lauf und entwickeln Sie gleichzeitig wichtige F\u00e4higkeiten mit unserem Steckenpferd-Zubeh\u00f6r, das das Rollenspiel auf ein neues Niveau bringt.<\/p>\n<p>Dieses aus umweltfreundlichem FSC-Holz gefertigte Set ist nicht nur ein Spielzeug \u2013 es ist eine nachhaltige Wahl, die sowohl die Umwelt als auch die Entwicklung Ihres Kindes f\u00f6rdert.<\/p>\n<p>Altersempfehlung: ab 3 Jahren<\/p>\n","protected":false},"featured_media":49265,"template":"","meta":[],"pwb-brand":[1549],"product_brand":[],"product_cat":[1622,1737],"product_tag":[],"class_list":{"0":"post-48549","1":"product","2":"type-product","3":"status-publish","4":"has-post-thumbnail","6":"pwb-brand-byastrup-en","7":"product_cat-wooden-toys","8":"product_cat-hobby-horse-universe","10":"first","11":"instock","12":"taxable","13":"shipping-taxable","14":"purchasable","15":"product-type-simple"},"brands":[{"id":1549,"name":"by ASTRUP\u00ae","slug":"byastrup-en"}],"_links":{"self":[{"href":"https:\/\/www.good-id.ch\/en\/wp-json\/wp\/v2\/product\/48549","targetHints":{"allow":["GET"]}}],"collection":[{"href":"https:\/\/www.good-id.ch\/en\/wp-json\/wp\/v2\/product"}],"about":[{"href":"https:\/\/www.good-id.ch\/en\/wp-json\/wp\/v2\/types\/product"}],"wp:featuredmedia":[{"embeddable":true,"href":"https:\/\/www.good-id.ch\/en\/wp-json\/wp\/v2\/media\/49265"}],"wp:attachment":[{"href":"https:\/\/www.good-id.ch\/en\/wp-json\/wp\/v2\/media?parent=48549"}],"wp:term":[{"taxonomy":"pwb-brand","embeddable":true,"href":"https:\/\/www.good-id.ch\/en\/wp-json\/wp\/v2\/pwb-brand?post=48549"},{"taxonomy":"product_brand","embeddable":true,"href":"https:\/\/www.good-id.ch\/en\/wp-json\/wp\/v2\/product_brand?post=48549"},{"taxonomy":"product_cat","embeddable":true,"href":"https:\/\/www.good-id.ch\/en\/wp-json\/wp\/v2\/product_cat?post=48549"},{"taxonomy":"product_tag","embeddable":true,"href":"https:\/\/www.good-id.ch\/en\/wp-json\/wp\/v2\/product_tag?post=48549"}],"curies":[{"name":"wp","href":"https:\/\/api.w.org\/{rel}","templated":true}]}}