{"id":48548,"date":"2023-09-04T10:31:43","date_gmt":"2023-09-04T08:31:43","guid":{"rendered":"https:\/\/www.good-id.ch\/?post_type=product&#038;p=48548"},"modified":"2026-03-26T10:16:48","modified_gmt":"2026-03-26T09:16:48","slug":"fuetterungsset-fuer-steckenpferde","status":"publish","type":"product","link":"https:\/\/www.good-id.ch\/en\/product\/fuetterungsset-fuer-steckenpferde\/","title":{"rendered":"Futterset f\u00fcr Steckenpferde"},"content":{"rendered":"<p>Futterset f\u00fcr Steckenpferde<\/p>\n<p>Serie by ASTRUP\u00ae Hobby Horses<\/p>\n<p>Das Futterset von by ASTRUP\u00ae enth\u00e4lt alles, was Sie zum Verw\u00f6hnen Ihrer Steckenpferde ben\u00f6tigen. Durch das Spielen mit dem Steckenpferd-Futterset lernen die Kinder, wie wichtig Verantwortung und F\u00fcrsorge sind. Sie haben die M\u00f6glichkeit, ihre Steckenpferde mit den verschiedenen Elementen des Sets zu f\u00fcttern und verstehen, warum es wichtig ist, ihren \u201eHaustieren\u201c die richtigen Leckerlis und Pflege zu geben.<\/p>\n<p>Alle Elemente haben eine passende Gr\u00f6sse, so dass eine Kinderhand sie leicht greifen kann. Das Set enth\u00e4lt viele Leckereien f\u00fcr das Pferd, die das Rollenspiel des Kindes viele Stunden lang unterhalten werden: Stroh, Gras, Salzsteine, Karotten, Apfel, Pferdepellets, Leckerlis und Zuckerw\u00fcrfel.<\/p>\n<p>Durch das Spielen mit dem Futterset von by ASTRUP\u00ae f\u00f6rdern wir die Fantasie und das Rollenspiel der Kinder.<\/p>\n<p>Ein perfektes Geschenk f\u00fcr kleine Steckenpferd-Enthusiasten!<\/p>\n<p>Dieses aus umweltfreundlichem FSC-Holz gefertigte Set ist nicht nur ein Spielzeug \u2013 es ist eine nachhaltige Wahl, die sowohl die Umwelt als auch die Entwicklung Ihres Kindes f\u00f6rdert.<\/p>\n<p>Materialinfo: Buche, MDF, Kunststoff (PU)<br \/>\n<strong>Im Lieferumfang ist nur das Futterset enthalten.<br \/>\n<a href=\"https:\/\/www.good-id.ch\/produkt\/wasser-und-futtereimer\/\">Wasser- und Futtereimer<\/a> kann man separat kaufen.<\/strong><\/p>\n<p>Altersempfehlung: ab 3 Jahren<\/p>\n<p>by ASTRUP\u00ae unterst\u00fctzt j\u00e4hrlich die Kinder-Krebs-Forschung.<br \/>\nAlle Spielzeuge entsprechen den aktuellen europ\u00e4ischen Sicherheitsbestimmungen f\u00fcr Spielzeuge und sind CE-gekennzeichnet.<\/p>\n","protected":false},"excerpt":{"rendered":"<p>Futterset f\u00fcr Steckenpferde<\/p>\n<p>Serie by ASTRUP\u00ae Hobby Horses<\/p>\n<p>Das Futterset von by ASTRUP\u00ae enth\u00e4lt alles, was Sie zum Verw\u00f6hnen Ihrer Steckenpferde ben\u00f6tigen. Durch das Spielen mit dem Steckenpferd-Futterset lernen die Kinder, wie wichtig Verantwortung und F\u00fcrsorge sind. Sie haben die M\u00f6glichkeit, ihre Steckenpferde mit den verschiedenen Elementen des Sets zu f\u00fcttern und verstehen, warum es wichtig ist, ihren \u201eHaustieren\u201c die richtigen Leckerlis und Pflege zu geben.<\/p>\n<p>Alle Elemente haben eine passende Gr\u00f6sse, so dass eine Kinderhand sie leicht greifen kann. Das Set enth\u00e4lt viele Leckereien f\u00fcr das Pferd, die das Rollenspiel des Kindes viele Stunden lang unterhalten werden: Stroh, Gras, Salzsteine, Karotten, Apfel, Pferdepellets, Leckerlis und Zuckerw\u00fcrfel.<\/p>\n<p>Ein perfektes Geschenk f\u00fcr kleine Steckenpferd-Enthusiasten!<\/p>\n<p>Dieses aus umweltfreundlichem FSC-Holz gefertigte Set ist nicht nur ein Spielzeug \u2013 es ist eine nachhaltige Wahl, die sowohl die Umwelt als auch die Entwicklung Ihres Kindes f\u00f6rdert.<\/p>\n<p><strong>Im Lieferumfang ist nur das Futterset enthalten.<br \/>\n<a href=\"https:\/\/www.good-id.ch\/produkt\/wasser-und-futtereimer\/\">Wasser- und Futtereimer<\/a> kann man separat kaufen.<\/strong><\/p>\n<p>Altersempfehlung: ab 3 Jahren<\/p>\n","protected":false},"featured_media":48831,"template":"","meta":[],"pwb-brand":[1549],"product_brand":[],"product_cat":[1622,1737],"product_tag":[1685],"class_list":{"0":"post-48548","1":"product","2":"type-product","3":"status-publish","4":"has-post-thumbnail","6":"pwb-brand-byastrup-en","7":"product_cat-wooden-toys","8":"product_cat-hobby-horse-universe","9":"product_tag-horse","11":"first","12":"instock","13":"taxable","14":"shipping-taxable","15":"purchasable","16":"product-type-simple"},"brands":[{"id":1549,"name":"by ASTRUP\u00ae","slug":"byastrup-en"}],"_links":{"self":[{"href":"https:\/\/www.good-id.ch\/en\/wp-json\/wp\/v2\/product\/48548","targetHints":{"allow":["GET"]}}],"collection":[{"href":"https:\/\/www.good-id.ch\/en\/wp-json\/wp\/v2\/product"}],"about":[{"href":"https:\/\/www.good-id.ch\/en\/wp-json\/wp\/v2\/types\/product"}],"wp:featuredmedia":[{"embeddable":true,"href":"https:\/\/www.good-id.ch\/en\/wp-json\/wp\/v2\/media\/48831"}],"wp:attachment":[{"href":"https:\/\/www.good-id.ch\/en\/wp-json\/wp\/v2\/media?parent=48548"}],"wp:term":[{"taxonomy":"pwb-brand","embeddable":true,"href":"https:\/\/www.good-id.ch\/en\/wp-json\/wp\/v2\/pwb-brand?post=48548"},{"taxonomy":"product_brand","embeddable":true,"href":"https:\/\/www.good-id.ch\/en\/wp-json\/wp\/v2\/product_brand?post=48548"},{"taxonomy":"product_cat","embeddable":true,"href":"https:\/\/www.good-id.ch\/en\/wp-json\/wp\/v2\/product_cat?post=48548"},{"taxonomy":"product_tag","embeddable":true,"href":"https:\/\/www.good-id.ch\/en\/wp-json\/wp\/v2\/product_tag?post=48548"}],"curies":[{"name":"wp","href":"https:\/\/api.w.org\/{rel}","templated":true}]}}