{"id":46121,"date":"2022-08-18T09:32:45","date_gmt":"2022-08-18T07:32:45","guid":{"rendered":"https:\/\/www.good-id.ch\/?post_type=product&#038;p=46121"},"modified":"2024-12-31T11:05:55","modified_gmt":"2024-12-31T10:05:55","slug":"bauchtasche-pink-glitter","status":"publish","type":"product","link":"https:\/\/www.good-id.ch\/en\/product\/bauchtasche-pink-glitter\/","title":{"rendered":"Bauchtasche &#8211; Pink glitter"},"content":{"rendered":"<p>Bauchtasche &#8211; Pink glitter<\/p>\n<p>Serie by ASTRUP\u00ae Fashion Bags<\/p>\n<p>Bauchtaschen, Handytaschen, Rucks\u00e4cke, Turnbeutel\u2026\u2026. by ASTRUP hat sie alle.<\/p>\n<p>Wenn Sie nach einer Tasche f\u00fcr Ihr Kind suchen, sehen Sie sich die Stile von by ASTRUP\u00ae \u00a0an und finden Sie die perfekte Tasche. Das Taschenuniversum von by ASTRUP\u00ae bietet viele verschiedene Designs, die alle sowohl pfiffig als auch praktisch f\u00fcr Kinder sind.<\/p>\n<p>Wie w\u00e4re es mit einem nostalgischen Rucksack aus Cord, der an Ihren allerersten Rucksack aus der Kindheit erinnert. Oder eine trendige Handytasche zum Organisieren von Handy, Geld und Schl\u00fcssel? Oder eine Bauchtasche, damit Ihr Kind spielen kann, w\u00e4hrend es auf Schl\u00fcssel oder Geld aufpasst? Wenn Ihr Kind Bling mag, finden Sie dies auch in der Kollektion. Die Bauchtaschen sind sowohl in Cord als auch in Silber und Pink mit Glitzer erh\u00e4ltlich.<\/p>\n<p>Sehen Sie sich alle Taschen von by ASTRUP an. Sie werden bestimmt die perfekte Tasche f\u00fcr Ihr Kind finden.<\/p>\n<p>Diese sch\u00f6ne Bauchtasche von by ASTRUP\u00ae h\u00e4lt Ihre H\u00e4nde frei, w\u00e4hrend Sie Ihre Sachen immer griffbereit haben.<\/p>\n<p>Schlicht und doch exklusiv ist diese Bauchtasche. Es besteht aus Polyester (glitzernd) mit einem Logo auf der Vorderseite. Es besteht aus einem grossen Fach mit Reissverschluss. Es hat Platz f\u00fcr Handy, Schl\u00fcssel, Karten und eine kleine Geldb\u00f6rse.<\/p>\n<p>Die Tasche hat einen breiten, verstellbaren Riemen mit einer seitlichen Kunststoffschnalle, die auf die gew\u00fcnschte Gr\u00f6sse eingestellt werden kann. Das bedeutet, dass Sie die Tasche entweder um die H\u00fcfte oder \u00fcber der Schulter tragen k\u00f6nnen.<\/p>\n<p>Der Riemen der Tasche kann auf maximal 75 cm verl\u00e4ngert werden.<\/p>\n<p>Altersempfehlung: ab 3 Jahren<\/p>\n<p>by ASTRUP\u00ae unterst\u00fctzt j\u00e4hrlich die Kinder-Krebs-Forschung.<\/p>\n","protected":false},"excerpt":{"rendered":"<p>Bauchtasche &#8211; Pink glitter<\/p>\n<p>Serie by ASTRUP\u00ae Fashion Bags<\/p>\n<p>Diese sch\u00f6ne Bauchtasche von by ASTRUP\u00ae h\u00e4lt Ihre H\u00e4nde frei, w\u00e4hrend Sie Ihre Sachen immer griffbereit haben.<\/p>\n<p>Schlicht und doch exklusiv ist diese Bauchtasche. Es besteht aus Polyester (glitzernd) mit einem Logo auf der Vorderseite. Es besteht aus einem grossen Fach mit Reissverschluss. Es hat Platz f\u00fcr Handy, Schl\u00fcssel, Karten und eine kleine Geldb\u00f6rse.<\/p>\n<p>Die Tasche hat einen breiten, verstellbaren Riemen mit einer seitlichen Kunststoffschnalle, die auf die gew\u00fcnschte Gr\u00f6sse eingestellt werden kann. Das bedeutet, dass Sie die Tasche entweder um die H\u00fcfte oder \u00fcber der Schulter tragen k\u00f6nnen.<\/p>\n<p>Der Riemen der Tasche kann auf maximal 75 cm verl\u00e4ngert werden.<\/p>\n<p>Altersempfehlung: ab 3 Jahren<\/p>\n<p>by ASTRUP\u00ae unterst\u00fctzt j\u00e4hrlich die Kinder-Krebs-Forschung.<\/p>\n","protected":false},"featured_media":46131,"template":"","meta":[],"pwb-brand":[1550],"product_brand":[],"product_cat":[1416,1724,1725],"product_tag":[],"class_list":{"0":"post-46121","1":"product","2":"type-product","3":"status-publish","4":"has-post-thumbnail","6":"pwb-brand-byastrup-de","7":"product_cat-geschenke","8":"product_cat-taschen","9":"product_cat-ruecksaecke-taschen","11":"first","12":"onbackorder","13":"taxable","14":"shipping-taxable","15":"purchasable","16":"product-type-simple"},"brands":[{"id":1550,"name":"by ASTRUP\u00ae","slug":"byastrup-de"}],"_links":{"self":[{"href":"https:\/\/www.good-id.ch\/en\/wp-json\/wp\/v2\/product\/46121","targetHints":{"allow":["GET"]}}],"collection":[{"href":"https:\/\/www.good-id.ch\/en\/wp-json\/wp\/v2\/product"}],"about":[{"href":"https:\/\/www.good-id.ch\/en\/wp-json\/wp\/v2\/types\/product"}],"wp:featuredmedia":[{"embeddable":true,"href":"https:\/\/www.good-id.ch\/en\/wp-json\/wp\/v2\/media\/46131"}],"wp:attachment":[{"href":"https:\/\/www.good-id.ch\/en\/wp-json\/wp\/v2\/media?parent=46121"}],"wp:term":[{"taxonomy":"pwb-brand","embeddable":true,"href":"https:\/\/www.good-id.ch\/en\/wp-json\/wp\/v2\/pwb-brand?post=46121"},{"taxonomy":"product_brand","embeddable":true,"href":"https:\/\/www.good-id.ch\/en\/wp-json\/wp\/v2\/product_brand?post=46121"},{"taxonomy":"product_cat","embeddable":true,"href":"https:\/\/www.good-id.ch\/en\/wp-json\/wp\/v2\/product_cat?post=46121"},{"taxonomy":"product_tag","embeddable":true,"href":"https:\/\/www.good-id.ch\/en\/wp-json\/wp\/v2\/product_tag?post=46121"}],"curies":[{"name":"wp","href":"https:\/\/api.w.org\/{rel}","templated":true}]}}