{"id":46101,"date":"2022-07-29T11:27:33","date_gmt":"2022-07-29T09:27:33","guid":{"rendered":"https:\/\/www.good-id.ch\/?post_type=product&#038;p=46101"},"modified":"2025-05-13T10:59:13","modified_gmt":"2025-05-13T08:59:13","slug":"turnbeutel-blue-spruce","status":"publish","type":"product","link":"https:\/\/www.good-id.ch\/en\/product\/turnbeutel-blue-spruce\/","title":{"rendered":"Turnbeutel &#8211; Blue Spruce"},"content":{"rendered":"<p>Turnbeutel &#8211; Blue Spruce<\/p>\n<p>Das elegante, zeitlose Design des Turnbeutels von by ASTRUP\u00ae hebt sich von der Masse ab und spricht kleine und grosse Kinder an.<\/p>\n<p>Der Turnbeutel ist aus sch\u00f6nem Cord mit Logo auf der Vorderseite. Er besteht aus einem grossen, ger\u00e4umigen Fach mit Platz f\u00fcr Schuhe, Trinkflasche, Lunchpaket und iPad. Auf der Vorderseite befindet sich eine grosse Reissverschlusstasche mit Platz f\u00fcr andere Gegenst\u00e4nde.<\/p>\n<p>Die Tasche hat oben einen praktischen Tragegriff und breite, verstellbare Schultergurte, mit denen sich die \u00d6ffnung schliessen l\u00e4sst. Durch die breiten Tragegurte liegt der Turnbeutel angenehm auf den Schultern, w\u00e4hrend der praktische Tragegriff das Aufh\u00e4ngen an einem Haken im Flur oder in der Umkleidekabine erleichtert.<\/p>\n<p>Die Riemen der Tasche k\u00f6nnen auf maximal 75 cm verl\u00e4ngert werden.<\/p>\n<p>by ASTRUP\u00ae unterst\u00fctzt j\u00e4hrlich die Kinder-Krebs-Forschung.<\/p>\n<p>&nbsp;<\/p>\n","protected":false},"excerpt":{"rendered":"<p>Turnbeutel &#8211; Blue Spruce<\/p>\n<p>Das elegante, zeitlose Design des Turnbeutels von by ASTRUP\u00ae hebt sich von der Masse ab und spricht kleine und grosse Kinder an.<\/p>\n<p>Der Turnbeutel ist aus sch\u00f6nem Cord mit Logo auf der Vorderseite. Er besteht aus einem grossen, ger\u00e4umigen Fach mit Platz f\u00fcr Schuhe, Trinkflasche, Lunchpaket und iPad. Auf der Vorderseite befindet sich eine grosse Reissverschlusstasche mit Platz f\u00fcr andere Gegenst\u00e4nde.<\/p>\n<p>Die Tasche hat oben einen praktischen Tragegriff und breite, verstellbare Schultergurte, mit denen sich die \u00d6ffnung schliessen l\u00e4sst. Durch die breiten Tragegurte liegt der Turnbeutel angenehm auf den Schultern, w\u00e4hrend der praktische Tragegriff das Aufh\u00e4ngen an einem Haken im Flur oder in der Umkleidekabine erleichtert.<\/p>\n<p>Die Riemen der Tasche k\u00f6nnen auf maximal 75 cm verl\u00e4ngert werden.<\/p>\n<p>by ASTRUP\u00ae unterst\u00fctzt j\u00e4hrlich die Kinder-Krebs-Forschung.<\/p>\n","protected":false},"featured_media":46167,"template":"","meta":[],"pwb-brand":[1550],"product_brand":[],"product_cat":[1416,1724,1725],"product_tag":[],"class_list":{"0":"post-46101","1":"product","2":"type-product","3":"status-publish","4":"has-post-thumbnail","6":"pwb-brand-byastrup-de","7":"product_cat-geschenke","8":"product_cat-taschen","9":"product_cat-ruecksaecke-taschen","11":"first","12":"outofstock","13":"taxable","14":"shipping-taxable","15":"purchasable","16":"product-type-simple"},"brands":[{"id":1550,"name":"by ASTRUP\u00ae","slug":"byastrup-de"}],"_links":{"self":[{"href":"https:\/\/www.good-id.ch\/en\/wp-json\/wp\/v2\/product\/46101","targetHints":{"allow":["GET"]}}],"collection":[{"href":"https:\/\/www.good-id.ch\/en\/wp-json\/wp\/v2\/product"}],"about":[{"href":"https:\/\/www.good-id.ch\/en\/wp-json\/wp\/v2\/types\/product"}],"wp:featuredmedia":[{"embeddable":true,"href":"https:\/\/www.good-id.ch\/en\/wp-json\/wp\/v2\/media\/46167"}],"wp:attachment":[{"href":"https:\/\/www.good-id.ch\/en\/wp-json\/wp\/v2\/media?parent=46101"}],"wp:term":[{"taxonomy":"pwb-brand","embeddable":true,"href":"https:\/\/www.good-id.ch\/en\/wp-json\/wp\/v2\/pwb-brand?post=46101"},{"taxonomy":"product_brand","embeddable":true,"href":"https:\/\/www.good-id.ch\/en\/wp-json\/wp\/v2\/product_brand?post=46101"},{"taxonomy":"product_cat","embeddable":true,"href":"https:\/\/www.good-id.ch\/en\/wp-json\/wp\/v2\/product_cat?post=46101"},{"taxonomy":"product_tag","embeddable":true,"href":"https:\/\/www.good-id.ch\/en\/wp-json\/wp\/v2\/product_tag?post=46101"}],"curies":[{"name":"wp","href":"https:\/\/api.w.org\/{rel}","templated":true}]}}