{"id":46546,"date":"2022-09-27T10:28:27","date_gmt":"2022-09-27T08:28:27","guid":{"rendered":"https:\/\/www.good-id.ch\/bonjourbebe\/"},"modified":"2024-06-18T10:47:03","modified_gmt":"2024-06-18T08:47:03","slug":"bonjourbebe","status":"publish","type":"page","link":"https:\/\/www.good-id.ch\/en\/bonjourbebe\/","title":{"rendered":"Bonjourb\u00e9b\u00e9"},"content":{"rendered":"<div class=\"wpb-content-wrapper\"><p>[vc_row type=&#8221;full-nopad&#8221; css=&#8221;.vc_custom_1647985655051{background-position: center !important;background-repeat: no-repeat !important;background-size: cover !important;}&#8221;][vc_column]\r\n\t\t\t<div class=\"nm-banner content-full image-type-none text-color-dark subtitle-below\" style=\"\">\r\n\t\t\t<\/div>[\/vc_column][\/vc_row][vc_row][vc_column][vc_empty_space height=&#8221;80&#8243;][\/vc_column][\/vc_row][vc_row type=&#8221;boxed&#8221; max_width=&#8221;700&#8243; content_placement=&#8221;middle&#8221;][vc_column][vc_column_text]<\/p>\n<p style=\"text-align: center;\">Bonjourb\u00e9b\u00e9 is a young brand from Barcelona for baby textiles. With carefully selected materials and soft colors, Bonjourb\u00e9b\u00e9 products ensure maximum comfort for babies and their parents. Bonjourb\u00e9b\u00e9 produce in Spain and Portugal and take care of all the details from raw materials to packaging.<\/p>\n<p style=\"text-align: center;\">The new moms and their babies will love it!<\/p>\n<p>[\/vc_column_text][\/vc_column][\/vc_row][vc_row][vc_column][vc_empty_space height=&#8221;80&#8243;][\/vc_column][\/vc_row][vc_row][vc_column width=&#8221;1\/3&#8243;][vc_single_image image=&#8221;47469&#8243; img_size=&#8221;300&#215;300&#8243; alignment=&#8221;center&#8221;][\/vc_column][vc_column width=&#8221;1\/3&#8243;][vc_single_image image=&#8221;47474&#8243; img_size=&#8221;300&#215;300&#8243; alignment=&#8221;center&#8221;][\/vc_column][vc_column width=&#8221;1\/3&#8243;][vc_single_image image=&#8221;47472&#8243; img_size=&#8221;300&#215;300&#8243; alignment=&#8221;center&#8221;][\/vc_column][\/vc_row][vc_row][vc_column][vc_empty_space height=&#8221;80&#8243;][\/vc_column][\/vc_row][vc_row type=&#8221;full-nopad&#8221; parallax=&#8221;static&#8221; parallax_image=&#8221;43810&#8243;][vc_column][vc_empty_space height=&#8221;200&#8243;][\/vc_column][\/vc_row][vc_row][vc_column][vc_empty_space height=&#8221;100&#8243;][\/vc_column][\/vc_row][vc_row type=&#8221;boxed&#8221; max_width=&#8221;1200&#8243; content_placement=&#8221;middle&#8221;][vc_column width=&#8221;1\/2&#8243; css=&#8221;.vc_custom_1642174682973{background-position: center !important;background-repeat: no-repeat !important;background-size: contain !important;}&#8221;][vc_separator title=&#8221;SLEEPING&#8221; title_size=&#8221;medium&#8221; title_align=&#8221;separator_align_right&#8221; accent_color=&#8221;#b1804c&#8221;][vc_empty_space][vc_column_text]<\/p>\n<p style=\"text-align: right;\">Bonjourb\u00e9b\u00e9&#8217;s organic cotton blankets are very popular. You won&#8217;t find a softer blanket! Lightweight and breathable, it&#8217;s ideal for spring and fall, or for those chilly summer days and nights.<\/p>\n<p style=\"text-align: right;\">All Bonjourb\u00e9b\u00e9 duvet covers are made from 100% cotton and are OEKO-TEX Class 1 certified. The wonderful touch combined with the natural properties of this fabric, anti-allergenic and 100% breathable, make it the best option for the longest sleeps\u2026.<\/p>\n<p>[\/vc_column_text][\/vc_column][vc_column width=&#8221;1\/2&#8243; offset=&#8221;vc_hidden-xs&#8221;]<div class=\"nm-banner-slider plugin-slick pagination-color-gray slick-slider slick-dots-inside has-pagination pagination-mobile-outside pagination-left\" data-arrows=\"true\" data-dots=\"true\" data-infinite=\"true\">\r\n\t\t\t<div class=\"nm-banner content-boxed full-width-parent image-type-fluid text-color-dark subtitle-below\" style=\"\"><img loading=\"lazy\" decoding=\"async\" src=\"https:\/\/www.good-id.ch\/wp-content\/uploads\/2023\/01\/1-2.jpg\" width=\"500\" height=\"500\" alt=\"1\" \/>\r\n\t\t\t<\/div>\r\n\t\t\t<div class=\"nm-banner content-boxed full-width-parent image-type-fluid text-color-dark subtitle-below\" style=\"\"><img loading=\"lazy\" decoding=\"async\" src=\"https:\/\/www.good-id.ch\/wp-content\/uploads\/2023\/01\/4.jpg\" width=\"500\" height=\"500\" alt=\"4\" \/>\r\n\t\t\t<\/div>\r\n\t\t\t<div class=\"nm-banner content-boxed full-width-parent image-type-fluid text-color-dark subtitle-below\" style=\"\"><img loading=\"lazy\" decoding=\"async\" src=\"https:\/\/www.good-id.ch\/wp-content\/uploads\/2023\/01\/3.jpg\" width=\"500\" height=\"500\" alt=\"3\" \/>\r\n\t\t\t<\/div>\r\n\t\t\t<div class=\"nm-banner content-boxed full-width-parent image-type-fluid text-color-dark subtitle-below\" style=\"\"><img loading=\"lazy\" decoding=\"async\" src=\"https:\/\/www.good-id.ch\/wp-content\/uploads\/2023\/01\/2-2.jpg\" width=\"500\" height=\"500\" alt=\"2\" \/>\r\n\t\t\t<\/div>\r\n\t\t\t<div class=\"nm-banner content-boxed full-width-parent image-type-fluid text-color-dark subtitle-below\" style=\"\"><img loading=\"lazy\" decoding=\"async\" src=\"https:\/\/www.good-id.ch\/wp-content\/uploads\/2023\/01\/7.jpg\" width=\"500\" height=\"500\" alt=\"7\" \/>\r\n\t\t\t<\/div><\/div>[\/vc_column][\/vc_row][vc_row][vc_column offset=&#8221;vc_hidden-lg vc_hidden-md vc_hidden-sm&#8221;][vc_empty_space height=&#8221;50&#8243;][vc_single_image image=&#8221;43818&#8243; img_size=&#8221;200&#215;200&#8243; alignment=&#8221;right&#8221; style=&#8221;vc_box_circle&#8221;][\/vc_column][\/vc_row][vc_row][vc_column][vc_empty_space height=&#8221;100&#8243;][\/vc_column][\/vc_row][vc_row max_width=&#8221;1200&#8243;][vc_column width=&#8221;1\/2&#8243; offset=&#8221;vc_hidden-xs&#8221;]<div class=\"nm-banner-slider plugin-slick pagination-color-gray slick-slider slick-dots-inside has-pagination pagination-mobile-outside pagination-left\" data-arrows=\"true\" data-dots=\"true\" data-infinite=\"true\">\r\n\t\t\t<div class=\"nm-banner content-boxed full-width-parent image-type-fluid text-color-dark subtitle-below\" style=\"\"><img loading=\"lazy\" decoding=\"async\" src=\"https:\/\/www.good-id.ch\/wp-content\/uploads\/2023\/01\/2-3.jpg\" width=\"500\" height=\"500\" alt=\"2\" \/>\r\n\t\t\t<\/div>\r\n\t\t\t<div class=\"nm-banner content-boxed full-width-parent image-type-fluid text-color-dark subtitle-below\" style=\"\"><img loading=\"lazy\" decoding=\"async\" src=\"https:\/\/www.good-id.ch\/wp-content\/uploads\/2023\/01\/5.jpg\" width=\"500\" height=\"500\" alt=\"5\" \/>\r\n\t\t\t<\/div>\r\n\t\t\t<div class=\"nm-banner content-boxed full-width-parent image-type-fluid text-color-dark subtitle-below\" style=\"\"><img loading=\"lazy\" decoding=\"async\" src=\"https:\/\/www.good-id.ch\/wp-content\/uploads\/2023\/01\/3-3.jpg\" width=\"500\" height=\"500\" alt=\"3\" \/>\r\n\t\t\t<\/div>\r\n\t\t\t<div class=\"nm-banner content-boxed full-width-parent image-type-fluid text-color-dark subtitle-below\" style=\"\"><img loading=\"lazy\" decoding=\"async\" src=\"https:\/\/www.good-id.ch\/wp-content\/uploads\/2023\/01\/6.jpg\" width=\"500\" height=\"500\" alt=\"6\" \/>\r\n\t\t\t<\/div>\r\n\t\t\t<div class=\"nm-banner content-boxed full-width-parent image-type-fluid text-color-dark subtitle-below\" style=\"\"><img loading=\"lazy\" decoding=\"async\" src=\"https:\/\/www.good-id.ch\/wp-content\/uploads\/2023\/01\/fotomaat-aanpassen-2.jpg\" width=\"500\" height=\"500\" alt=\"fotomaat aanpassen (2)\" \/>\r\n\t\t\t<\/div>\r\n\t\t\t<div class=\"nm-banner content-boxed full-width-parent image-type-fluid text-color-dark subtitle-below\" style=\"\"><img loading=\"lazy\" decoding=\"async\" src=\"https:\/\/www.good-id.ch\/wp-content\/uploads\/2023\/01\/4-1.jpg\" width=\"500\" height=\"500\" alt=\"4\" \/>\r\n\t\t\t<\/div><\/div>[\/vc_column][vc_column width=&#8221;1\/2&#8243;][vc_separator title=&#8221;BATHING &amp; CARE&#8221; title_size=&#8221;medium&#8221; title_align=&#8221;separator_align_left&#8221; accent_color=&#8221;#b1804c&#8221;][vc_empty_space][vc_column_text]Bonjourb\u00e9b\u00e9 has a beautiful collection of hooded bath towels. They&#8217;re made from cotton terry, with a super soft feel and volume that ensures absorbency and a soft feel after bathing.<\/p>\n<p>There are both cotton swaddles and bamboo swaddles. Bonjourb\u00e9b\u00e9 offers you the combination of both fibers, taking advantage of the extra softness of bamboo and the more natural look of cotton. The double wash guarantees softness from day one.[\/vc_column_text][\/vc_column][\/vc_row][vc_row][vc_column offset=&#8221;vc_hidden-lg vc_hidden-md vc_hidden-sm&#8221;][vc_empty_space height=&#8221;50&#8243;][vc_single_image image=&#8221;43820&#8243; img_size=&#8221;200&#215;200&#8243; style=&#8221;vc_box_circle&#8221;][\/vc_column][\/vc_row][vc_row][vc_column][vc_empty_space height=&#8221;100&#8243;][\/vc_column][\/vc_row][vc_row max_width=&#8221;1200&#8243;][vc_column width=&#8221;1\/2&#8243;][vc_separator title=&#8221;DEKORATION&#8221; title_size=&#8221;medium&#8221; title_align=&#8221;separator_align_right&#8221; accent_color=&#8221;#b1804c&#8221;][vc_empty_space][vc_column_text]<\/p>\n<p style=\"text-align: right;\">Bonjourb\u00e9b\u00e9 has beautiful, matching decorative items that can be perfectly combined with each other. You can choose different items in the same color, but the colors can also be combined well.<\/p>\n<p style=\"text-align: right;\">Think posters, pillows, teepee play tents, music clocks and much more.<\/p>\n<p>[\/vc_column_text][\/vc_column][vc_column width=&#8221;1\/2&#8243; offset=&#8221;vc_hidden-xs&#8221;]<div class=\"nm-banner-slider plugin-slick pagination-color-gray slick-slider slick-dots-inside has-pagination pagination-mobile-outside pagination-left\" data-arrows=\"true\" data-dots=\"true\" data-infinite=\"true\">\r\n\t\t\t<div class=\"nm-banner content-boxed full-width-parent image-type-fluid text-color-dark subtitle-below\" style=\"\"><img loading=\"lazy\" decoding=\"async\" src=\"https:\/\/www.good-id.ch\/wp-content\/uploads\/2023\/01\/5-1.jpg\" width=\"500\" height=\"500\" alt=\"5\" \/>\r\n\t\t\t<\/div>\r\n\t\t\t<div class=\"nm-banner content-boxed full-width-parent image-type-fluid text-color-dark subtitle-below\" style=\"\"><img loading=\"lazy\" decoding=\"async\" src=\"https:\/\/www.good-id.ch\/wp-content\/uploads\/2023\/01\/3-2.jpg\" width=\"500\" height=\"500\" alt=\"3\" \/>\r\n\t\t\t<\/div>\r\n\t\t\t<div class=\"nm-banner content-boxed full-width-parent image-type-fluid text-color-dark subtitle-below\" style=\"\"><img loading=\"lazy\" decoding=\"async\" src=\"https:\/\/www.good-id.ch\/wp-content\/uploads\/2023\/01\/2-4.jpg\" width=\"500\" height=\"500\" alt=\"2\" \/>\r\n\t\t\t<\/div>\r\n\t\t\t<div class=\"nm-banner content-boxed full-width-parent image-type-fluid text-color-dark subtitle-below\" style=\"\"><img loading=\"lazy\" decoding=\"async\" src=\"https:\/\/www.good-id.ch\/wp-content\/uploads\/2023\/01\/1-4.jpg\" width=\"500\" height=\"500\" alt=\"1\" \/>\r\n\t\t\t<\/div>\r\n\t\t\t<div class=\"nm-banner content-boxed full-width-parent image-type-fluid text-color-dark subtitle-below\" style=\"\"><img loading=\"lazy\" decoding=\"async\" src=\"https:\/\/www.good-id.ch\/wp-content\/uploads\/2023\/01\/4-2.jpg\" width=\"500\" height=\"500\" alt=\"4\" \/>\r\n\t\t\t<\/div><\/div>[\/vc_column][\/vc_row][vc_row][vc_column offset=&#8221;vc_hidden-lg vc_hidden-md vc_hidden-sm&#8221;][vc_empty_space height=&#8221;50&#8243;][vc_single_image image=&#8221;43816&#8243; img_size=&#8221;200&#215;200&#8243; alignment=&#8221;right&#8221; style=&#8221;vc_box_circle&#8221;][\/vc_column][\/vc_row][vc_row][vc_column][vc_empty_space height=&#8221;100&#8243;][\/vc_column][\/vc_row][vc_row max_width=&#8221;1200&#8243;][vc_column width=&#8221;1\/2&#8243; offset=&#8221;vc_hidden-xs&#8221;][vc_single_image image=&#8221;47532&#8243; img_size=&#8221;300&#215;300&#8243; alignment=&#8221;center&#8221; style=&#8221;vc_box_circle&#8221;][\/vc_column][vc_column width=&#8221;1\/2&#8243;][vc_separator title=&#8221;OEKO-TEX\u00ae STANDARD 100&#8243; title_size=&#8221;medium&#8221; title_align=&#8221;separator_align_left&#8221; accent_color=&#8221;#b1804c&#8221;][vc_empty_space][vc_column_text]If a textile article carries the STANDARD 100 label, you can be certain that every component of this article, i.e. every thread, button and other accessories, has been tested for harmful substances and that the article therefore is harmless for human health. The test is conducted by our independent OEKO-TEX\u00ae partner institutes on the basis of our extensive OEKO-TEX\u00ae\u00a0<a href=\"https:\/\/www.oeko-tex.com\/fileadmin\/user_upload\/STANDARD_100_by_OEKO-TEX_R__-_Standard_en_01.2022.pdf\">criteria catalog<\/a>. In the test they take into account\u00a0<a href=\"https:\/\/www.oeko-tex.com\/en\/faq\">numerous regulated and non-regulated substances<\/a>, which may be harmful to human health. In many cases the limit values for the STANDARD 100 go beyond national and international requirements. The criteria catalog is updated at least once a year and expanded with new scientific knowledge or statutory requirements. It is not easy for manufacturers and customers to keep an overview of the legal situation concerning harmful substances every day. Our experts from the OEKO-TEX\u00ae institutes do this for you.[\/vc_column_text][\/vc_column][\/vc_row][vc_row][vc_column offset=&#8221;vc_hidden-lg vc_hidden-md vc_hidden-sm&#8221;][vc_empty_space height=&#8221;50&#8243;][vc_single_image image=&#8221;43822&#8243; img_size=&#8221;200&#215;200&#8243; style=&#8221;vc_box_circle&#8221;][\/vc_column][\/vc_row][vc_row][vc_column][vc_empty_space height=&#8221;100&#8243;][\/vc_column][\/vc_row][vc_row type=&#8221;full-nopad&#8221; min_height=&#8221;400&#8243;][vc_column css=&#8221;.vc_custom_1648131031725{background-color: #3a3a3a !important;}&#8221;][vc_empty_space height=&#8221;100&#8243;][vc_custom_heading text=&#8221;BRAND FACTS&#8221; font_container=&#8221;tag:h2|text_align:center|color:%23b1804c&#8221; google_fonts=&#8221;font_family:Shadows%20Into%20Light%3Aregular|font_style:400%20regular%3A400%3Anormal&#8221; el_class=&#8221;home-quote&#8221;][vc_empty_space height=&#8221;50&#8243;][vc_column_text css=&#8221;.vc_custom_1648131035584{margin-right: 10px !important;margin-left: 10px !important;}&#8221; el_class=&#8221;quote-text&#8221;]<\/p>\n<p style=\"text-align: center;\">Bonjourb\u00e9b\u00e9 is a brand from Spain<br \/>\nSwiss customers: direct delivery from our Swiss warehouse<br \/>\nAustrian customers: direct delivery from Spain via Bonjourb\u00e9b\u00e9 warehouse<br \/>\nBonourb\u00e9b\u00e9 steht f\u00fcr Qualit\u00e4t: Es wird auf jegliches Elasthan und Polyester in der Herstellung verzichtet<br \/>\nUmweltfreundliche Einstellung: Alle Kartonschachteln werden wenn m\u00f6glich wieder verwendet, Plastikverpackungen sind kompostierbar<br \/>\nSTANDARD 100 by OEKO TEX<\/p>\n<p>[\/vc_column_text][vc_empty_space height=&#8221;50&#8243;]\r\n\t\t\t<div class=\"nm_btn_align_center\">\r\n\t\t\t\t<a href=\"https:\/\/www.good-id.ch\/mark\/bonjourbebe-de\/\" class=\"nm_btn nm_btn_md nm_btn_filled_rounded\" title=\"Bonjourb\u00e9b\u00e9 Shop\">\r\n\t\t\t\t\t<span class=\"nm_btn_title\">IM SHOP ENTDECKEN &amp; EINKAUFEN<\/span>\r\n\t\t\t\t\t<span class=\"nm_btn_bg\" style=\"background-color:#b1804c;\"><\/span>\r\n\t\t\t\t<\/a>\r\n\t\t\t<\/div>[vc_empty_space height=&#8221;100&#8243;][\/vc_column][\/vc_row][vc_row type=&#8221;full-nopad&#8221;][vc_column][vc_empty_space height=&#8221;100&#8243;][vc_separator title=&#8221;SOCIAL MEDIA&#8221; title_size=&#8221;medium&#8221; accent_color=&#8221;#b1804c&#8221;][vc_empty_space][vc_column_text css=&#8221;.vc_custom_1648066929822{padding-right: 30px !important;padding-left: 30px !important;}&#8221;]<\/p>\n<p style=\"text-align: center;\">You can find more impressions of the brand on the Bonjourb\u00e9b\u00e9 Instagram account<\/p>\n<p>[\/vc_column_text][vc_empty_space]<ul class=\"nm-social-profiles icon-size-large align-center\"><li><a href=\"https:\/\/www.instagram.com\/_bonjourbebe_\/\" target=\"_blank\" title=\"Instagram\" class=\"dark\" rel=\"nofollow\"><i class=\"nm-font nm-font-nm-font nm-font-instagram-filled\"><\/i><\/a><\/li><\/ul>[vc_empty_space height=&#8221;50&#8243;]\r\n\t\t\t<div class=\"nm_btn_align_center\">\r\n\t\t\t\t<a href=\"https:\/\/we.tl\/t-s3QvO6mmz4\" class=\"nm_btn nm_btn_md nm_btn_filled_rounded\" title=\"Download Bonjourb\u00e9b\u00e9 KATALOG\"target=\"_blank\">\r\n\t\t\t\t\t<span class=\"nm_btn_title\">DOWNLOAD BONJOURB\u00c9B\u00c9 2024 CATALOGUE<\/span>\r\n\t\t\t\t\t<span class=\"nm_btn_bg\" style=\"background-color:#b1804c;\"><\/span>\r\n\t\t\t\t<\/a>\r\n\t\t\t<\/div>[vc_empty_space height=&#8221;100&#8243;][\/vc_column][\/vc_row]<\/p>\n<\/div>","protected":false},"excerpt":{"rendered":"<p>[vc_row type=&#8221;full-nopad&#8221; css=&#8221;.vc_custom_1647985655051{background-position: center !important;background-repeat: no-repeat !important;background-size: cover !important;}&#8221;][vc_column][\/vc_column][\/vc_row][vc_row][vc_column][vc_empty_space height=&#8221;80&#8243;][\/vc_column][\/vc_row][vc_row type=&#8221;boxed&#8221; max_width=&#8221;700&#8243; content_placement=&#8221;middle&#8221;][vc_column][vc_column_text] Bonjourb\u00e9b\u00e9 is a young brand from Barcelona for baby textiles. With carefully selected materials and soft colors, Bonjourb\u00e9b\u00e9 products ensure maximum comfort for babies and their parents. Bonjourb\u00e9b\u00e9 produce in Spain and Portugal and take care of all the details from raw &hellip;<\/p>\n","protected":false},"author":268,"featured_media":0,"parent":0,"menu_order":0,"comment_status":"closed","ping_status":"closed","template":"templates\/page-full.php","meta":{"footnotes":""},"class_list":["post-46546","page","type-page","status-publish","hentry"],"_links":{"self":[{"href":"https:\/\/www.good-id.ch\/en\/wp-json\/wp\/v2\/pages\/46546","targetHints":{"allow":["GET"]}}],"collection":[{"href":"https:\/\/www.good-id.ch\/en\/wp-json\/wp\/v2\/pages"}],"about":[{"href":"https:\/\/www.good-id.ch\/en\/wp-json\/wp\/v2\/types\/page"}],"author":[{"embeddable":true,"href":"https:\/\/www.good-id.ch\/en\/wp-json\/wp\/v2\/users\/268"}],"replies":[{"embeddable":true,"href":"https:\/\/www.good-id.ch\/en\/wp-json\/wp\/v2\/comments?post=46546"}],"version-history":[{"count":0,"href":"https:\/\/www.good-id.ch\/en\/wp-json\/wp\/v2\/pages\/46546\/revisions"}],"wp:attachment":[{"href":"https:\/\/www.good-id.ch\/en\/wp-json\/wp\/v2\/media?parent=46546"}],"curies":[{"name":"wp","href":"https:\/\/api.w.org\/{rel}","templated":true}]}}