{"id":44624,"date":"2022-03-23T09:53:56","date_gmt":"2022-03-23T08:53:56","guid":{"rendered":"https:\/\/www.good-id.ch\/?page_id=44624"},"modified":"2022-03-23T09:53:56","modified_gmt":"2022-03-23T08:53:56","slug":"mama-meno-en","status":"publish","type":"page","link":"https:\/\/www.good-id.ch\/en\/mama-meno-en\/","title":{"rendered":"Mama Meno (EN)"},"content":{"rendered":"<div class=\"wpb-content-wrapper\"><p>[vc_row type=&#8221;full-nopad&#8221; min_height=&#8221;500&#8243; css=&#8221;.vc_custom_1646393596539{background-position: center !important;background-repeat: no-repeat !important;background-size: cover !important;}&#8221;][vc_column]\r\n\t\t\t<div class=\"nm-banner content-full image-type-none text-color-dark subtitle-below\" style=\"\">\r\n\t\t\t<\/div>[\/vc_column][\/vc_row][vc_row][vc_column][vc_empty_space height=&#8221;100&#8243;][\/vc_column][\/vc_row][vc_row type=&#8221;boxed&#8221; max_width=&#8221;700&#8243; content_placement=&#8221;middle&#8221;][vc_column][vc_column_text]<\/p>\n<p style=\"font-weight: 400; text-align: center;\">MAMAMEMO\u00ae besteht aus einer grossen Auswahl an Holzspielzeug mit aussergew\u00f6hnlicher Haltbarkeit. Die Spielzeuge sind solide und halten dem t\u00e4glichen Gebrauch stand, ohne zu brechen.<\/p>\n<p style=\"font-weight: 400; text-align: center;\">Die Produkte sind zudem lebensecht mit vielen sch\u00f6nen Details.<\/p>\n<p>[\/vc_column_text][\/vc_column][\/vc_row][vc_row][vc_column][vc_empty_space height=&#8221;30&#8243;][\/vc_column][\/vc_row][vc_row][vc_column width=&#8221;1\/3&#8243;][vc_single_image image=&#8221;35838&#8243; img_size=&#8221;300&#215;300&#8243; alignment=&#8221;center&#8221;][\/vc_column][vc_column width=&#8221;1\/3&#8243;][vc_single_image image=&#8221;37190&#8243; img_size=&#8221;300&#215;300&#8243; alignment=&#8221;center&#8221;][\/vc_column][vc_column width=&#8221;1\/3&#8243;][vc_single_image image=&#8221;35877&#8243; img_size=&#8221;300&#215;300&#8243; alignment=&#8221;center&#8221;][\/vc_column][\/vc_row][vc_row][vc_column][vc_empty_space height=&#8221;80&#8243;][\/vc_column][\/vc_row][vc_row type=&#8221;full-nopad&#8221; parallax=&#8221;static&#8221; parallax_image=&#8221;43781&#8243;][vc_column][vc_empty_space height=&#8221;200&#8243;][\/vc_column][\/vc_row][vc_row][vc_column][vc_empty_space height=&#8221;100&#8243;][\/vc_column][\/vc_row][vc_row type=&#8221;boxed&#8221; max_width=&#8221;1200&#8243; content_placement=&#8221;middle&#8221;][vc_column width=&#8221;1\/2&#8243; css=&#8221;.vc_custom_1642174682973{background-position: center !important;background-repeat: no-repeat !important;background-size: contain !important;}&#8221;][vc_separator title=&#8221;GROSSES SORTIMENT&#8221; title_size=&#8221;medium&#8221; title_align=&#8221;separator_align_right&#8221; accent_color=&#8221;#b1804c&#8221;][vc_empty_space][vc_column_text]<\/p>\n<p style=\"text-align: right;\">Spielk\u00fcche mit Zubeh\u00f6r \u2013 ebenso Esssets, K\u00fcchenger\u00e4te, verschiedene Shops und vieles mehr.<\/p>\n<p style=\"text-align: right;\">Als Zubeh\u00f6r f\u00fcr die Spielk\u00fcchen gibt es Spielfutter. Hier finden Sie viele Produkte, die Sie bereits aus Ihrem Alltag kennen: Joghurt, Obst in verschiedenen Formen und Gr\u00f6ssen, K\u00e4sesticks und vieles mehr. Sie finden fast alles, was Sie aus dem K\u00fchlschrank und K\u00fcchenschrank zu Hause kennen.<\/p>\n<p>[\/vc_column_text][\/vc_column][vc_column width=&#8221;1\/2&#8243;][vc_single_image image=&#8221;43790&#8243; img_size=&#8221;300&#215;300&#8243; alignment=&#8221;center&#8221; style=&#8221;vc_box_circle&#8221;][\/vc_column][\/vc_row][vc_row][vc_column][vc_empty_space height=&#8221;200&#8243;][\/vc_column][\/vc_row][vc_row max_width=&#8221;1200&#8243;][vc_column width=&#8221;1\/2&#8243;][vc_single_image image=&#8221;43792&#8243; img_size=&#8221;300&#215;300&#8243; alignment=&#8221;center&#8221; style=&#8221;vc_box_circle&#8221;][\/vc_column][vc_column width=&#8221;1\/2&#8243;][vc_separator title=&#8221;BOYS AUFGEPASST&#8221; title_size=&#8221;medium&#8221; title_align=&#8221;separator_align_left&#8221; accent_color=&#8221;#b1804c&#8221;][vc_empty_space][vc_column_text]Neben den\u00a0 mama memo Spielk\u00fcchen und Spielnahrung gibt es auch eine Spielzeugserie mit Holzwerkzeugen. Ob Schreiner oder Mechaniker, in dieser Spielzeuglinie steckt alles, was das Herz bzw. der Werkzeugkasten begehrt.[\/vc_column_text][\/vc_column][\/vc_row][vc_row][vc_column][vc_empty_space height=&#8221;200&#8243;][\/vc_column][\/vc_row][vc_row max_width=&#8221;1200&#8243;][vc_column width=&#8221;1\/2&#8243;][vc_separator title=&#8221;ASTRUP GOUP&#8221; title_size=&#8221;medium&#8221; title_align=&#8221;separator_align_right&#8221; accent_color=&#8221;#b1804c&#8221;][vc_empty_space][vc_column_text]<\/p>\n<p style=\"text-align: right;\">Die Marken by Astrup &amp; mamamemo geh\u00f6ren zur Astroup Groupe aus D\u00e4nemark an.<\/p>\n<p>[\/vc_column_text][\/vc_column][vc_column width=&#8221;1\/2&#8243;][vc_single_image image=&#8221;43794&#8243; img_size=&#8221;300&#215;300&#8243; alignment=&#8221;center&#8221; style=&#8221;vc_box_circle&#8221;][\/vc_column][\/vc_row][vc_row][vc_column][vc_empty_space height=&#8221;100&#8243;][\/vc_column][\/vc_row][vc_row type=&#8221;full-nopad&#8221; min_height=&#8221;400&#8243;][vc_column css=&#8221;.vc_custom_1646386345777{background-color: #5e5e5e !important;}&#8221;][vc_empty_space height=&#8221;100&#8243;][vc_column_text]<\/p>\n<h2 style=\"text-align: center;\">BRAND FACTS<\/h2>\n<p>[\/vc_column_text][vc_empty_space height=&#8221;50&#8243;][vc_column_text css=&#8221;.vc_custom_1647591320254{margin-right: 100px !important;margin-left: 100px !important;padding-right: 100px !important;padding-left: 100px !important;}&#8221;]<\/p>\n<p style=\"text-align: center;\"><span style=\"color: #999999;\">mama memo &amp; by Astrup geh\u00f6ren zu der Astrup Group an aus D\u00e4nemark<\/span><br \/>\n<span style=\"color: #999999;\">Schweizer Kunden: Direkte Lieferung ab unserem Schweizer Lager<\/span><br \/>\n<span style=\"color: #999999;\">\u00d6sterreichische Kunden: Direkte Lieferung aus D\u00e4nemark \u00fcber mama memo Lager<\/span><br \/>\n<span style=\"color: #999999;\">FSC Holz &#8211; Die meisten Produkte werden mit FSC Holz hergestellt, bis 2022 sollen alle Produkte aus FSC Holz sein<\/span><\/p>\n<p>[\/vc_column_text][vc_empty_space height=&#8221;50&#8243;]\r\n\t\t\t<div class=\"nm_btn_align_center\">\r\n\t\t\t\t<a href=\"https:\/\/www.good-id.ch\/mark\/mamamemo-de\/\" class=\"nm_btn nm_btn_lg nm_btn_filled_rounded\" title=\"mama memo Shop\">\r\n\t\t\t\t\t<span class=\"nm_btn_title\">IM SHOP ENTDECKEN &amp; EINKAUFEN<\/span>\r\n\t\t\t\t\t<span class=\"nm_btn_bg\" style=\"background-color:#b1804c;\"><\/span>\r\n\t\t\t\t<\/a>\r\n\t\t\t<\/div>[vc_empty_space height=&#8221;100&#8243;][\/vc_column][\/vc_row][vc_row type=&#8221;full-nopad&#8221;][vc_column][vc_empty_space height=&#8221;100&#8243;][vc_separator title=&#8221;SOCIAL MEDIA&#8221; title_size=&#8221;medium&#8221; accent_color=&#8221;#b1804c&#8221;][vc_empty_space][vc_column_text css=&#8221;.vc_custom_1646396211158{padding-right: 100px !important;padding-left: 100px !important;}&#8221;]<\/p>\n<p style=\"text-align: center;\">Weitere Eindr\u00fccke der Marke finden Sie auf der mama memo Social Media Kan\u00e4le.<\/p>\n<p>[\/vc_column_text][vc_empty_space]<ul class=\"nm-social-profiles icon-size-large align-center\"><li><a href=\"https:\/\/www.facebook.com\/Astrup-Group-AS-266184423498752\/\" target=\"_blank\" title=\"Facebook\" class=\"dark\" rel=\"nofollow\"><i class=\"nm-font nm-font-nm-font nm-font-facebook\"><\/i><\/a><\/li><li><a href=\"https:\/\/www.instagram.com\/mamamemo_by_astrupgroup\/\" target=\"_blank\" title=\"Instagram\" class=\"dark\" rel=\"nofollow\"><i class=\"nm-font nm-font-nm-font nm-font-instagram-filled\"><\/i><\/a><\/li><li><a href=\"https:\/\/www.linkedin.com\/company\/astrup-group-a-s\" target=\"_blank\" title=\"LinkedIn\" class=\"dark\" rel=\"nofollow\"><i class=\"nm-font nm-font-nm-font nm-font-linkedin\"><\/i><\/a><\/li><\/ul>[vc_empty_space height=&#8221;50&#8243;]\r\n\t\t\t<div class=\"nm_btn_align_center\">\r\n\t\t\t\t<a href=\"https:\/\/good-id.wetransfer.com\/downloads\/4ecaa7f3a18cbc24ad7da27e2f55c4db20210821155838\/5a4b67\" class=\"nm_btn nm_btn_lg nm_btn_filled_rounded\" title=\"Download by Astrup Katalog\"target=\"_blank\">\r\n\t\t\t\t\t<span class=\"nm_btn_title\">DOWNLOAD MAMAMEMO KATALOG<\/span>\r\n\t\t\t\t\t<span class=\"nm_btn_bg\" style=\"background-color:#b1804c;\"><\/span>\r\n\t\t\t\t<\/a>\r\n\t\t\t<\/div>[vc_empty_space height=&#8221;100&#8243;][\/vc_column][\/vc_row]<\/p>\n<\/div>","protected":false},"excerpt":{"rendered":"<p>[vc_row type=&#8221;full-nopad&#8221; min_height=&#8221;500&#8243; css=&#8221;.vc_custom_1646393596539{background-position: center !important;background-repeat: no-repeat !important;background-size: cover !important;}&#8221;][vc_column][\/vc_column][\/vc_row][vc_row][vc_column][vc_empty_space height=&#8221;100&#8243;][\/vc_column][\/vc_row][vc_row type=&#8221;boxed&#8221; max_width=&#8221;700&#8243; content_placement=&#8221;middle&#8221;][vc_column][vc_column_text] MAMAMEMO\u00ae besteht aus einer grossen Auswahl an Holzspielzeug mit aussergew\u00f6hnlicher Haltbarkeit. Die Spielzeuge sind solide und halten dem t\u00e4glichen Gebrauch stand, ohne zu brechen. Die Produkte sind zudem lebensecht mit vielen sch\u00f6nen Details. [\/vc_column_text][\/vc_column][\/vc_row][vc_row][vc_column][vc_empty_space height=&#8221;30&#8243;][\/vc_column][\/vc_row][vc_row][vc_column width=&#8221;1\/3&#8243;][vc_single_image image=&#8221;35838&#8243; img_size=&#8221;300&#215;300&#8243; alignment=&#8221;center&#8221;][\/vc_column][vc_column width=&#8221;1\/3&#8243;][vc_single_image image=&#8221;37190&#8243; &hellip;<\/p>\n","protected":false},"author":1,"featured_media":0,"parent":0,"menu_order":0,"comment_status":"closed","ping_status":"closed","template":"","meta":{"footnotes":""},"class_list":["post-44624","page","type-page","status-publish","hentry"],"_links":{"self":[{"href":"https:\/\/www.good-id.ch\/en\/wp-json\/wp\/v2\/pages\/44624","targetHints":{"allow":["GET"]}}],"collection":[{"href":"https:\/\/www.good-id.ch\/en\/wp-json\/wp\/v2\/pages"}],"about":[{"href":"https:\/\/www.good-id.ch\/en\/wp-json\/wp\/v2\/types\/page"}],"author":[{"embeddable":true,"href":"https:\/\/www.good-id.ch\/en\/wp-json\/wp\/v2\/users\/1"}],"replies":[{"embeddable":true,"href":"https:\/\/www.good-id.ch\/en\/wp-json\/wp\/v2\/comments?post=44624"}],"version-history":[{"count":0,"href":"https:\/\/www.good-id.ch\/en\/wp-json\/wp\/v2\/pages\/44624\/revisions"}],"wp:attachment":[{"href":"https:\/\/www.good-id.ch\/en\/wp-json\/wp\/v2\/media?parent=44624"}],"curies":[{"name":"wp","href":"https:\/\/api.w.org\/{rel}","templated":true}]}}